{"id":696,"date":"2021-09-13T08:44:58","date_gmt":"2021-09-13T06:44:58","guid":{"rendered":"https:\/\/bautenschutz-keul.de\/angebote\/kellertrockenlegung\/"},"modified":"2021-09-13T08:44:58","modified_gmt":"2021-09-13T06:44:58","slug":"kellertrockenlegung","status":"publish","type":"page","link":"https:\/\/bautenschutz-keul.de\/angebote\/kellertrockenlegung\/","title":{"rendered":"Kellertrockenlegung"},"content":{"rendered":"<p>Prima, dass Sie unseren Internetauftritt gefunden haben. Auf den n\u00e4chsten Seiten d\u00fcrfen wir uns und unsere Arbeit n\u00e4her pr\u00e4sentieren. Zu unserem Unternehmen: Die Firma TK-Geb\u00e4udetechnik Thorsten Keul ist Ihr Spezialist im Bereich Bauwerksabdichtung und Sanierung. Ans\u00e4ssig sind wir in Brietlingen bei L\u00fcneburg. Jahrelange Berufserfahrung macht unsere Arbeitsleistung zu einer redlichen Gr\u00f6\u00dfe. Als qualifizierte Fachfirma z\u00e4hlen Verarbeitung und Auswahl hochwertiger Sanierungsmaterialien zu unseren vorrangigen Aufgaben. Wir beraten Sie gerne ausf\u00fchrlich und immer individuell und \u00fcbernehmen alle Arbeiten. <\/p>\n<p>Wir erledigen beispielsweise eine fachgerechte Mauertrockenlegung und Schimmelsanierung f\u00fcr Sie. Selbstverst\u00e4ndlich k\u00fcmmern wir uns ebenso um aufsteigende Feuchtigkeit. Auch gegen nasse W\u00e4nde, Mauern und Keller finden wir die richtige L\u00f6sung. Im Schwerpunkt sind wir zwischen L\u00fcneburg, Geesthacht und Harburg f\u00fcr Sie im Einsatz. Weiter unten auf|Am Ende} dieser Website haben wir unser Vertriebsgebiet f\u00fcr Sie detailliert aufgelistet. <\/p>\n<h3>Kellertrockenlegung: Bei uns kompetent und schnell!<\/h3>\n<p>Ein fortw\u00e4hrend durchfeuchter Keller kann die Bausubstanz eines Hauses betr\u00e4chtlich beeinflussen. Und nicht nur das: Selbst Gesundheitsgef\u00e4hrdungen<br \/>\ndurch durchfeuchtete Geb\u00e4udebereiche sind nicht auszuschlie\u00dfen. Besonders die von drau\u00dfen eindringende Feuchtigkeit ist ein schwerwiegendes Problem, das man nicht auf die leichte Schulter nehmen sollte. Bei bedrohlichen und weitreichenden Durchfeuchtungen ist eine fachm\u00e4nnisch umgesetzte Kellertrockenlegung in der Regel unumg\u00e4nglich. Bevor man jedoch eine Kellertrockenlegung beginnt, ist es erst einmal wichtig, zu kl\u00e4ren, aus welchen Ursachen es \u00fcberhaupt zu einer Durchn\u00e4ssung kommen konnte. Kosten und Methoden, die der Fachmann f\u00fcr die anhaltende Kellertrockenlegung r\u00e4t, h\u00e4ngen nicht letztendlich von der prim\u00e4ren Ursache ab. Eine undichte Rohrleitung oder eine schlecht isolierte Au\u00dfenwand<br \/>\nzieht einen anderen Sanierungsbedarf nach sich, als es beispielsweise eine Durchn\u00e4ssung durch einen erh\u00f6hten Grundwasserpegel tut. Es stellt sich demnach die Frage, ob die Kellertrockenlegung durch ein tempor\u00e4res Problem n\u00f6tig wird beziehungsweise ob der Grund beispielsweise in der Substanz zu finden ist.<\/p>\n<h4>Kompetent und gr\u00fcndlich: Wir \u00fcbernehmen die Kellertrockenlegung<\/h4>\n<p>Unsere freundlichen und engagierten Spezialisten sorgen daf\u00fcr, dass Sie qualitative und individuelle L\u00f6sungen erhalten, die genau Ihren Vorstellungen und W\u00fcnschen entsprechen. Wir versprechen Ihnen eine sachkundig erledigte Arbeit nach dem neuesten Stand der Technik. <\/p>\n<p>Unser Kontakttelefon:<\/p>\n<p>04133 \u2013 22 37 940<\/p>\n<p>Schenken Sie uns bei der Geb\u00e4udesanierung Ihr Vertrauen. Wir w\u00fcrden uns freuen, wenn wir Ihnen helfen k\u00f6nnen. F\u00fcr eine Terminvereibarung rufen Sie uns bitte unter der oben stehenden Telefonnummer an oder schicken Sie uns eine Email. Wenn es um Sanierungsarbeiten geht, sind wir Ihr verl\u00e4sslicher Partner.<\/p>\n","protected":false},"excerpt":{"rendered":"<p>Prima, dass Sie unseren Internetauftritt gefunden haben. Auf den n\u00e4chsten Seiten d\u00fcrfen wir uns und unsere Arbeit n\u00e4her pr\u00e4sentieren. Zu unserem Unternehmen: Die Firma TK-Geb\u00e4udetechnik Thorsten Keul ist Ihr Spezialist im Bereich Bauwerksabdichtung und Sanierung. Ans\u00e4ssig sind wir in Brietlingen bei L\u00fcneburg. Jahrelange Berufserfahrung macht unsere Arbeitsleistung zu einer redlichen Gr\u00f6\u00dfe. Als qualifizierte Fachfirma z\u00e4hlen [&hellip;]<\/p>\n","protected":false},"author":1,"featured_media":0,"parent":0,"menu_order":0,"comment_status":"closed","ping_status":"closed","template":"","meta":{"footnotes":""},"class_list":["post-696","page","type-page","status-publish","hentry"],"meta_box":{"popseo_subtitel":"Die Firma TK-Geb\u00e4udetechnik Thorsten Keul ist Ihr Partner f\u00fcr eine Kellertrockenlegung","popseo_subtitel2":"","popseo_lasttitel":"","popseo_region":"","popseo_sachwort":"Kellertrockenlegung","popseo_noupdate":"","popseo_einleitungstext":"","popseo_schlusstext":"","popseo_stadttext":"","popseo_zusatztext":"","popseo_links":"<a href=\"https:\/\/bautenschutz-keul.de\/angebote\/kellersanierung-buechen\/\">Kellersanierung B\u00fcchen<\/a>, <a href=\"https:\/\/bautenschutz-keul.de\/angebote\/innenabdichtung-amelinghausen\/\">Innenabdichtung Amelinghausen<\/a>, <a href=\"https:\/\/bautenschutz-keul.de\/angebote\/mauertrockenlegung-uelzen\/\">Mauertrockenlegung Uelzen<\/a>, <a href=\"https:\/\/bautenschutz-keul.de\/angebote\/rissverpressung-bergedorf-wentorf\/\">Rissverpressung Bergedorf Wentorf<\/a>, <a href=\"https:\/\/bautenschutz-keul.de\/angebote\/feuchtigkeitsschaden-lueneburg\/\">Feuchtigkeitsschaden L\u00fcneburg<\/a>, <a href=\"https:\/\/bautenschutz-keul.de\/angebote\/salpeter-im-keller-harburg\/\">Salpeter im Keller Harburg<\/a>, <a href=\"https:\/\/bautenschutz-keul.de\/angebote\/kellerabdichtung-adendorf\/\">Kellerabdichtung Adendorf<\/a>, <a href=\"https:\/\/bautenschutz-keul.de\/angebote\/feuchte-wand-buechen\/\">Feuchte Wand B\u00fcchen<\/a>, <a href=\"https:\/\/bautenschutz-keul.de\/angebote\/feuchte-wand-reinbek-aumuehle\/\">Feuchte Wand Reinbek Aum\u00fchle<\/a>, <a href=\"https:\/\/bautenschutz-keul.de\/angebote\/schimmelsanierung-amelinghausen\/\">Schimmelsanierung Amelinghausen<\/a>, <a href=\"https:\/\/bautenschutz-keul.de\/angebote\/aufsteigende-feuchtigkeit-brietlingen\/\">aufsteigende Feuchtigkeit Brietlingen<\/a>, <a href=\"https:\/\/bautenschutz-keul.de\/angebote\/kellersanierung-brietlingen\/\">Kellersanierung Brietlingen<\/a>, <a href=\"https:\/\/bautenschutz-keul.de\/angebote\/rissverpressung-bardowick\/\">Rissverpressung Bardowick<\/a>, <a href=\"https:\/\/bautenschutz-keul.de\/angebote\/kellersanierung-lueneburg\/\">Kellersanierung L\u00fcneburg<\/a>, <a href=\"https:\/\/bautenschutz-keul.de\/angebote\/feuchter-keller-bergedorf-wentorf\/\">Feuchter Keller Bergedorf Wentorf<\/a>, <a href=\"https:\/\/bautenschutz-keul.de\/angebote\/horizontalsperre-seevetal-rosengarten\/\">Horizontalsperre Seevetal Rosengarten<\/a>, <a href=\"https:\/\/bautenschutz-keul.de\/angebote\/rissverpressung-lueneburg\/\">Rissverpressung L\u00fcneburg<\/a>, <a href=\"https:\/\/bautenschutz-keul.de\/angebote\/feuchte-wand-buchholz-in-der-nordheide\/\">Feuchte Wand Buchholz in der Nordheide<\/a>, <a href=\"https:\/\/bautenschutz-keul.de\/angebote\/feuchtigkeitsschaden-bad-bevensen\/\">Feuchtigkeitsschaden Bad Bevensen<\/a>, <a href=\"https:\/\/bautenschutz-keul.de\/angebote\/feuchter-keller-reppenstedt\/\">Feuchter Keller Reppenstedt<\/a>, <a href=\"https:\/\/bautenschutz-keul.de\/angebote\/feuchter-keller-bad-bevensen\/\">Feuchter Keller Bad Bevensen<\/a>, <a href=\"https:\/\/bautenschutz-keul.de\/angebote\/rissverpressung-bad-bevensen\/\">Rissverpressung Bad Bevensen<\/a>, <a href=\"https:\/\/bautenschutz-keul.de\/angebote\/bauwerksabdichtung-bad-bevensen\/\">Bauwerksabdichtung Bad Bevensen<\/a>, <a href=\"https:\/\/bautenschutz-keul.de\/angebote\/rissverpressung-herzogtum-lauenburg\/\">Rissverpressung Herzogtum Lauenburg<\/a>, <a href=\"https:\/\/bautenschutz-keul.de\/angebote\/innenabdichtung-boizenburg\/\">Innenabdichtung Boizenburg<\/a>, <a href=\"https:\/\/bautenschutz-keul.de\/angebote\/horizontalsperre-buchholz-in-der-nordheide\/\">Horizontalsperre Buchholz in der Nordheide<\/a>, <a href=\"https:\/\/bautenschutz-keul.de\/angebote\/salpeter-im-keller-bad-bevensen\/\">Salpeter im Keller Bad Bevensen<\/a>, <a href=\"https:\/\/bautenschutz-keul.de\/angebote\/kellerabdichtung-harburg\/\">Kellerabdichtung Harburg<\/a>"},"_links":{"self":[{"href":"https:\/\/bautenschutz-keul.de\/angebote\/wp-json\/wp\/v2\/pages\/696","targetHints":{"allow":["GET"]}}],"collection":[{"href":"https:\/\/bautenschutz-keul.de\/angebote\/wp-json\/wp\/v2\/pages"}],"about":[{"href":"https:\/\/bautenschutz-keul.de\/angebote\/wp-json\/wp\/v2\/types\/page"}],"author":[{"embeddable":true,"href":"https:\/\/bautenschutz-keul.de\/angebote\/wp-json\/wp\/v2\/users\/1"}],"replies":[{"embeddable":true,"href":"https:\/\/bautenschutz-keul.de\/angebote\/wp-json\/wp\/v2\/comments?post=696"}],"version-history":[{"count":0,"href":"https:\/\/bautenschutz-keul.de\/angebote\/wp-json\/wp\/v2\/pages\/696\/revisions"}],"wp:attachment":[{"href":"https:\/\/bautenschutz-keul.de\/angebote\/wp-json\/wp\/v2\/media?parent=696"}],"curies":[{"name":"wp","href":"https:\/\/api.w.org\/{rel}","templated":true}]}}