{"id":699,"date":"2021-09-13T08:44:58","date_gmt":"2021-09-13T06:44:58","guid":{"rendered":"https:\/\/bautenschutz-keul.de\/angebote\/salpeter-im-keller\/"},"modified":"2021-09-13T08:44:58","modified_gmt":"2021-09-13T06:44:58","slug":"salpeter-im-keller","status":"publish","type":"page","link":"https:\/\/bautenschutz-keul.de\/angebote\/salpeter-im-keller\/","title":{"rendered":"Salpeter im Keller"},"content":{"rendered":"<p>Wir finden es klasse, dass Sie unsere Internetseite entdeckt haben. Auf den folgenden Seiten d\u00fcrfen wir uns und unsere Arbeit n\u00e4her pr\u00e4sentieren. Ein paar Worte \u00fcber unsere Unternehmung: Die Firma TK-Geb\u00e4udetechnik Thorsten Keul ist Ihr Fachanbieter im Bereich Sanierung und Bauwerksabdichtung. Ans\u00e4ssig sind wir in Brietlingen bei L\u00fcneburg. Jahrelange Berufserfahrung macht unsere Arbeit zu einer verl\u00e4sslichen Gr\u00f6\u00dfe. Als qualifizierte Fachfirma z\u00e4hlen Verarbeitung und Auswahl hochwertiger Sanierungsmaterialien zu unseren vorrangigen Aufgaben. Wir beraten Sie gerne individuell \u00fcber Ihre M\u00f6glichkeiten und \u00fcbernehmen s\u00e4mtliche Arbeiten. <\/p>\n<p>Wir erledigen beispielsweise eine fachgerechte Mauertrockenlegung und Schimmelsanierung f\u00fcr Sie. Selbstverst\u00e4ndlich k\u00fcmmern wir uns ebenso um aufsteigende Feuchtigkeit. Auch gegen nasse Mauern, Keller und W\u00e4nde halten wir f\u00fcr Sie eine L\u00f6sung bereit. Schwerpunktm\u00e4\u00dfig sind wir zwischen L\u00fcneburg, Geesthacht und Harburg f\u00fcr Sie im Einsatz. Weiter unten auf|Am Ende} dieser Website haben wir unser Vertriebsgebiet f\u00fcr Sie detailliert aufgelistet. <\/p>\n<h3>Salpeter im Keller: Unsere Experten beheben den Schaden!<\/h3>\n<p>Die Salzausbl\u00fchung z\u00e4hlt zu den h\u00e4ufigsten Baum\u00e4ngeln. Charakterisiert<br \/>\nist die Salzausbl\u00fchung als eine Kristallisierung von Salzkristallen auf Mauern und W\u00e4nden eines Bauk\u00f6rpers.  Wegen in M\u00f6rtel, Beton oder Ziegel einsickernder Feuchtigkeit kommt es zu einem bauphysikalischen Prozess: Das Wasser l\u00f6st aus dem Bauk\u00f6rper Salze heraus, die in der sofortigen Folge dann diffundieren. Trocknet das Mauerwerk daraufhin ab, verbleiben die Salze an der Au\u00dfenseite sichtbar zur\u00fcck. Man spricht hier von der so bezeichneten Salzausbl\u00fchung des Mauerwerks. Salpeter f\u00fchrt zu Flecken und einer Schichtbildung auf den betroffenen W\u00e4nden. Nicht nur die Optik eines Bauk\u00f6rpers wird durch Salpeter betroffen, auch die Bausubstanz selbst wird l\u00e4ngerfristig besch\u00e4digt. <\/p>\n<p>Wenn Sie Salpeter im Keller oder am Mauerwerk Ihrer Immobilie festgestellt haben, so sollten Sie sofort reagieren. Als spezialisiertes Fachunternehmen der Bauwirtschaft sind wir kundig in der langanhaltenden Entfernung einer Salzausbl\u00fchung.<\/p>\n<h4>Salpeter im Keller: Wir sanieren kompetent und schnell!<\/h4>\n<p>Unser engagiertes Team sorgt daf\u00fcr, dass Sie passgenaue L\u00f6sungen bekommen, die exakt Ihren W\u00fcnschen und Vorstellungen entsprechen. Wir bieten Ihnen eine fachkundig ausgef\u00fchrte Arbeit nach dem neuesten Stand der Sanierungstechnik. <\/p>\n<p>D\u00fcrfen wir Sie informieren? Dann w\u00e4hlen Sie bitte:<\/p>\n<p>04133 \u2013 22 37 940<\/p>\n<p>Vertrauen Sie beim Thema Geb\u00e4udesanierung den Spezialisten der Firma Keul. Wir w\u00fcrden uns freuen, wenn wir Ihnen helfen k\u00f6nnen. F\u00fcr eine Terminvereibarung rufen Sie uns bitte unter der oben stehenden Telefonnummer an oder schicken Sie uns eine E-Mail. Wenn es um Sanierungsarbeiten geht, sind wir Ihr erfahrener Partner.<\/p>\n","protected":false},"excerpt":{"rendered":"<p>Wir finden es klasse, dass Sie unsere Internetseite entdeckt haben. Auf den folgenden Seiten d\u00fcrfen wir uns und unsere Arbeit n\u00e4her pr\u00e4sentieren. Ein paar Worte \u00fcber unsere Unternehmung: Die Firma TK-Geb\u00e4udetechnik Thorsten Keul ist Ihr Fachanbieter im Bereich Sanierung und Bauwerksabdichtung. Ans\u00e4ssig sind wir in Brietlingen bei L\u00fcneburg. Jahrelange Berufserfahrung macht unsere Arbeit zu einer [&hellip;]<\/p>\n","protected":false},"author":1,"featured_media":0,"parent":0,"menu_order":0,"comment_status":"closed","ping_status":"closed","template":"","meta":{"footnotes":""},"class_list":["post-699","page","type-page","status-publish","hentry"],"meta_box":{"popseo_subtitel":"Wir sind Ihr Experte f\u00fcr die Bek\u00e4mpfung von Salpeter im Keller","popseo_subtitel2":"","popseo_lasttitel":"","popseo_region":"","popseo_sachwort":"Salpeter im Keller","popseo_noupdate":"","popseo_einleitungstext":"","popseo_schlusstext":"","popseo_stadttext":"","popseo_zusatztext":"","popseo_links":"<a href=\"https:\/\/bautenschutz-keul.de\/angebote\/zerstoerter-putz-bad-bevensen\/\">zerst\u00f6rter Putz Bad Bevensen<\/a>, <a href=\"https:\/\/bautenschutz-keul.de\/angebote\/salpeter-im-keller-bispingen\/\">Salpeter im Keller Bispingen<\/a>, <a href=\"https:\/\/bautenschutz-keul.de\/angebote\/schimmelsanierung-bardowick\/\">Schimmelsanierung Bardowick<\/a>, <a href=\"https:\/\/bautenschutz-keul.de\/angebote\/aussenabdichtung-bispingen\/\">Au\u00dfenabdichtung Bispingen<\/a>, <a href=\"https:\/\/bautenschutz-keul.de\/angebote\/feuchter-keller-hanstedt\/\">Feuchter Keller Hanstedt<\/a>, <a href=\"https:\/\/bautenschutz-keul.de\/angebote\/feuchtigkeitsschaden-bienenbuettel\/\">Feuchtigkeitsschaden Bienenb\u00fcttel<\/a>, <a href=\"https:\/\/bautenschutz-keul.de\/angebote\/feuchte-mauer-boizenburg\/\">Feuchte Mauer Boizenburg<\/a>, <a href=\"https:\/\/bautenschutz-keul.de\/angebote\/salpeter-im-keller-seevetal-rosengarten\/\">Salpeter im Keller Seevetal Rosengarten<\/a>, <a href=\"https:\/\/bautenschutz-keul.de\/angebote\/schimmelsanierung-reppenstedt\/\">Schimmelsanierung Reppenstedt<\/a>, <a href=\"https:\/\/bautenschutz-keul.de\/angebote\/kellerabdichtung-seevetal-rosengarten\/\">Kellerabdichtung Seevetal Rosengarten<\/a>, <a href=\"https:\/\/bautenschutz-keul.de\/angebote\/bauwerksabdichtung-bienenbuettel\/\">Bauwerksabdichtung Bienenb\u00fcttel<\/a>, <a href=\"https:\/\/bautenschutz-keul.de\/angebote\/schimmel-hanstedt\/\">Schimmel Hanstedt<\/a>, <a href=\"https:\/\/bautenschutz-keul.de\/angebote\/bauwerksabdichtung-buchholz-in-der-nordheide\/\">Bauwerksabdichtung Buchholz in der Nordheide<\/a>, <a href=\"https:\/\/bautenschutz-keul.de\/angebote\/feuchte-mauer-harburg\/\">Feuchte Mauer Harburg<\/a>, <a href=\"https:\/\/bautenschutz-keul.de\/angebote\/horizontalsperre-amt-neuhaus\/\">Horizontalsperre Amt Neuhaus<\/a>, <a href=\"https:\/\/bautenschutz-keul.de\/angebote\/feuchter-keller-maschen\/\">Feuchter Keller Maschen<\/a>, <a href=\"https:\/\/bautenschutz-keul.de\/angebote\/feuchte-wand-seevetal-rosengarten\/\">Feuchte Wand Seevetal Rosengarten<\/a>, <a href=\"https:\/\/bautenschutz-keul.de\/angebote\/salpeter-im-keller-glinde-sachsenwald\/\">Salpeter im Keller Glinde Sachsenwald<\/a>, <a href=\"https:\/\/bautenschutz-keul.de\/angebote\/feuchte-wand-bispingen\/\">Feuchte Wand Bispingen<\/a>, <a href=\"https:\/\/bautenschutz-keul.de\/angebote\/bauwerksabdichtung-buechen\/\">Bauwerksabdichtung B\u00fcchen<\/a>, <a href=\"https:\/\/bautenschutz-keul.de\/angebote\/kellertrockenlegung-glinde-sachsenwald\/\">Kellertrockenlegung Glinde Sachsenwald<\/a>, <a href=\"https:\/\/bautenschutz-keul.de\/angebote\/innenabdichtung-boizenburg\/\">Innenabdichtung Boizenburg<\/a>, <a href=\"https:\/\/bautenschutz-keul.de\/angebote\/innenabdichtung-geesthacht\/\">Innenabdichtung Geesthacht<\/a>, <a href=\"https:\/\/bautenschutz-keul.de\/angebote\/kellersanierung-adendorf\/\">Kellersanierung Adendorf<\/a>, <a href=\"https:\/\/bautenschutz-keul.de\/angebote\/mauertrockenlegung-buechen\/\">Mauertrockenlegung B\u00fcchen<\/a>, <a href=\"https:\/\/bautenschutz-keul.de\/angebote\/feuchtigkeit-stelle\/\">Feuchtigkeit Stelle<\/a>, <a href=\"https:\/\/bautenschutz-keul.de\/angebote\/kellersanierung-amelinghausen\/\">Kellersanierung Amelinghausen<\/a>, <a href=\"https:\/\/bautenschutz-keul.de\/angebote\/kellersanierung-glinde-sachsenwald\/\">Kellersanierung Glinde Sachsenwald<\/a>, <a href=\"https:\/\/bautenschutz-keul.de\/angebote\/rissverpressung-bienenbuettel\/\">Rissverpressung Bienenb\u00fcttel<\/a>, <a href=\"https:\/\/bautenschutz-keul.de\/angebote\/schimmel-jesteburg\/\">Schimmel Jesteburg<\/a>"},"_links":{"self":[{"href":"https:\/\/bautenschutz-keul.de\/angebote\/wp-json\/wp\/v2\/pages\/699","targetHints":{"allow":["GET"]}}],"collection":[{"href":"https:\/\/bautenschutz-keul.de\/angebote\/wp-json\/wp\/v2\/pages"}],"about":[{"href":"https:\/\/bautenschutz-keul.de\/angebote\/wp-json\/wp\/v2\/types\/page"}],"author":[{"embeddable":true,"href":"https:\/\/bautenschutz-keul.de\/angebote\/wp-json\/wp\/v2\/users\/1"}],"replies":[{"embeddable":true,"href":"https:\/\/bautenschutz-keul.de\/angebote\/wp-json\/wp\/v2\/comments?post=699"}],"version-history":[{"count":0,"href":"https:\/\/bautenschutz-keul.de\/angebote\/wp-json\/wp\/v2\/pages\/699\/revisions"}],"wp:attachment":[{"href":"https:\/\/bautenschutz-keul.de\/angebote\/wp-json\/wp\/v2\/media?parent=699"}],"curies":[{"name":"wp","href":"https:\/\/api.w.org\/{rel}","templated":true}]}}