{"id":700,"date":"2021-09-13T08:44:58","date_gmt":"2021-09-13T06:44:58","guid":{"rendered":"https:\/\/bautenschutz-keul.de\/angebote\/schimmel\/"},"modified":"2021-09-13T08:44:58","modified_gmt":"2021-09-13T06:44:58","slug":"schimmel","status":"publish","type":"page","link":"https:\/\/bautenschutz-keul.de\/angebote\/schimmel\/","title":{"rendered":"Schimmel"},"content":{"rendered":"<p>Prima, dass Sie unseren Internetauftritt entdeckt haben. Auf den n\u00e4chsten Seiten d\u00fcrfen wir uns und unsere Arbeit n\u00e4her pr\u00e4sentieren. Ein paar Worte zu uns: Die Firma TK-Geb\u00e4udetechnik Thorsten Keul ist Ihr erfahrener Fachbetrieb im Bereich Bauwerksabdichtung und Sanierung. Ans\u00e4ssig sind wir in Brietlingen bei L\u00fcneburg. Jahrelange Erfahrung macht unsere Arbeitsleistung zu einer verl\u00e4sslichen Gr\u00f6\u00dfe. Als qualifizierte Fachfirma geh\u00f6ren Auswahl und Verarbeitung hochwertiger Sanierungsmaterialien zu unseren vorrangigen Aufgaben. Wir beraten Sie gerne individuell und ausf\u00fchrlich und \u00fcbernehmen s\u00e4mtliche Arbeiten. <\/p>\n<p>Wir erledigen z.B. eine fachgerechte Mauertrockenlegung und Schimmelsanierung f\u00fcr Sie. Nat\u00fcrlich k\u00fcmmern wir uns ebenso um aufsteigende Feuchtigkeit. Auch gegen nasse Keller, Mauern und W\u00e4nde finden wir die richtige L\u00f6sung. Insbesonderet sind wir zwischen L\u00fcneburg, Harburg und Geesthacht besch\u00e4ftigt. Weiter unten auf|Am Ende} dieser Seite haben wir unser Vertriebsgebiet f\u00fcr Sie detailliert aufgelistet.<br \/>\nn\u00e4her aufgef\u00fchrt}. <\/p>\n<h3>Schimmel: Wir sanieren kompetent und schnell!<\/h3>\n<p>Als Schimmel betitelt man in der Mikrobiologie einen in der Regel fadenf\u00f6rmigen Pilz.<br \/>\nSchimmel in Mauern oder Decken von Immobilien bildet sich prim\u00e4r durch \u00fcberm\u00e4\u00dfige Feuchtigkeit. Schimmel bedroht nicht nur die Substanz eines Geb\u00e4udes, auch eine Gesundheitsgef\u00e4hrdung ist nicht g\u00e4nzlich undenkbar. Enorm wichtig ist es, entdeckten Schimmel sofort und nachhaltig zu eliminieren. Die Bek\u00e4mpfung von Schimmel geh\u00f6rt zum Aufgabenfeld unseres Betriebes. Um den Kampf gegen Schimmel anfangen zu k\u00f6nnen, sollte zuvor der urs\u00e4chliche Grund f\u00fcr den Befall ermittelt werden. Defekte Wasserleitungen, das unbehinderte Einsickern von Regenwasser sowie auch kaputte Dichtungen k\u00f6nnen m\u00f6gliche Ursachen f\u00fcr eine \u00fcberm\u00e4\u00dfige Raumfeuchte und damit Basis f\u00fcr die Entstehung von Schimmel sein. Nach einer detaillierten Bestandsaufnahme entwerfen unsere Profis einen<br \/>\nspeziellen Schlachtplan, wie dem Schimmel nachhaltig begegnet werden kann. Von Schimmel befallene Mauern und Fu\u00dfb\u00f6den m\u00fcssen erstmal gut<br \/>\nges\u00e4ubert werden. Schadhafte, nicht mehr zu gebrauchende Materialien sind breitfl\u00e4chig zu ersetzen. Spezielle Verputze und gegen Schimmel resistente Farben finden anschlie\u00dfend Verwendung. Der dringendste Schritt um einen Neubefall zu vermeiden liegt indes in der Trockenlegung der durchfeuchteten Innen- und Au\u00dfenw\u00e4nde. Nur wenn Leckagen auf Dauer beseitigt sind, ist ein dauerhaften Schutz vor Schimmel sicher.  <\/p>\n<h4>Sie ben\u00f6tigen Hilfe gegen Schimmel? Dann rufen Sie uns bitte an!<\/h4>\n<p>Unsere freundlichen Mitarbeiter sorgen daf\u00fcr, dass Sie passgenaue L\u00f6sungen erhalten, die genau Ihren Vorstellungen und W\u00fcnschen entsprechen. Wir bieten Ihnen eine professionell ausgef\u00fchrte Arbeit nach dem neuesten Stand der Technik. <\/p>\n<p>Sie erreichen uns telefonisch:<\/p>\n<p>04133 \u2013 22 37 940<\/p>\n<p>Schenken Sie uns bei der Geb\u00e4udesanierung Ihr Vertrauen. Wir freuen uns auf den Kontakt zu Ihnen. F\u00fcr einen Termin rufen Sie uns bitte unter der oben stehenden Telefonnummer an oder senden Sie uns eine Email. Wenn es um Sanierungsarbeiten geht, sind wir Ihr erfahrener Partner.<\/p>\n","protected":false},"excerpt":{"rendered":"<p>Prima, dass Sie unseren Internetauftritt entdeckt haben. Auf den n\u00e4chsten Seiten d\u00fcrfen wir uns und unsere Arbeit n\u00e4her pr\u00e4sentieren. Ein paar Worte zu uns: Die Firma TK-Geb\u00e4udetechnik Thorsten Keul ist Ihr erfahrener Fachbetrieb im Bereich Bauwerksabdichtung und Sanierung. Ans\u00e4ssig sind wir in Brietlingen bei L\u00fcneburg. Jahrelange Erfahrung macht unsere Arbeitsleistung zu einer verl\u00e4sslichen Gr\u00f6\u00dfe. Als [&hellip;]<\/p>\n","protected":false},"author":1,"featured_media":0,"parent":0,"menu_order":0,"comment_status":"closed","ping_status":"closed","template":"","meta":{"footnotes":""},"class_list":["post-700","page","type-page","status-publish","hentry"],"meta_box":{"popseo_subtitel":"Die Firma TK-Geb\u00e4udetechnik Thorsten Keul ist Ihr Fachunternehmen f\u00fcr die Entfernung von Schimmel","popseo_subtitel2":"","popseo_lasttitel":"","popseo_region":"","popseo_sachwort":"Schimmel","popseo_noupdate":"","popseo_einleitungstext":"","popseo_schlusstext":"","popseo_stadttext":"","popseo_zusatztext":"","popseo_links":"<a href=\"https:\/\/bautenschutz-keul.de\/angebote\/aufsteigende-feuchtigkeit-bienenbuettel\/\">aufsteigende Feuchtigkeit Bienenb\u00fcttel<\/a>, <a href=\"https:\/\/bautenschutz-keul.de\/angebote\/kellerabdichtung-winsen-luhe\/\">Kellerabdichtung Winsen Luhe<\/a>, <a href=\"https:\/\/bautenschutz-keul.de\/angebote\/aussenabdichtung-bergedorf-wentorf\/\">Au\u00dfenabdichtung Bergedorf Wentorf<\/a>, <a href=\"https:\/\/bautenschutz-keul.de\/angebote\/innenabdichtung-adendorf\/\">Innenabdichtung Adendorf<\/a>, <a href=\"https:\/\/bautenschutz-keul.de\/angebote\/feuchtigkeit-bergedorf-wentorf\/\">Feuchtigkeit Bergedorf Wentorf<\/a>, <a href=\"https:\/\/bautenschutz-keul.de\/angebote\/horizontalsperre-boizenburg\/\">Horizontalsperre Boizenburg<\/a>, <a href=\"https:\/\/bautenschutz-keul.de\/angebote\/mauertrockenlegung-jesteburg\/\">Mauertrockenlegung Jesteburg<\/a>, <a href=\"https:\/\/bautenschutz-keul.de\/angebote\/aufsteigende-feuchtigkeit-schwarzenbek\/\">aufsteigende Feuchtigkeit Schwarzenbek<\/a>, <a href=\"https:\/\/bautenschutz-keul.de\/angebote\/feuchtigkeit-buechen\/\">Feuchtigkeit B\u00fcchen<\/a>, <a href=\"https:\/\/bautenschutz-keul.de\/angebote\/bauwerksabdichtung-reppenstedt\/\">Bauwerksabdichtung Reppenstedt<\/a>, <a href=\"https:\/\/bautenschutz-keul.de\/angebote\/salpeter-im-keller-bad-bevensen\/\">Salpeter im Keller Bad Bevensen<\/a>, <a href=\"https:\/\/bautenschutz-keul.de\/angebote\/schimmelbeseitigung-bergedorf-wentorf\/\">Schimmelbeseitigung Bergedorf Wentorf<\/a>, <a href=\"https:\/\/bautenschutz-keul.de\/angebote\/schimmelbeseitigung-bienenbuettel\/\">Schimmelbeseitigung Bienenb\u00fcttel<\/a>, <a href=\"https:\/\/bautenschutz-keul.de\/angebote\/aussenabdichtung-winsen-luhe\/\">Au\u00dfenabdichtung Winsen Luhe<\/a>, <a href=\"https:\/\/bautenschutz-keul.de\/angebote\/feuchter-keller-herzogtum-lauenburg\/\">Feuchter Keller Herzogtum Lauenburg<\/a>, <a href=\"https:\/\/bautenschutz-keul.de\/angebote\/schimmelbeseitigung-buechen\/\">Schimmelbeseitigung B\u00fcchen<\/a>, <a href=\"https:\/\/bautenschutz-keul.de\/angebote\/schimmelsanierung-reinbek-aumuehle\/\">Schimmelsanierung Reinbek Aum\u00fchle<\/a>, <a href=\"https:\/\/bautenschutz-keul.de\/angebote\/feuchtigkeit-ebstorf\/\">Feuchtigkeit Ebstorf<\/a>, <a href=\"https:\/\/bautenschutz-keul.de\/angebote\/feuchter-keller-schwarzenbek\/\">Feuchter Keller Schwarzenbek<\/a>, <a href=\"https:\/\/bautenschutz-keul.de\/angebote\/rissverpressung-amt-neuhaus\/\">Rissverpressung Amt Neuhaus<\/a>, <a href=\"https:\/\/bautenschutz-keul.de\/angebote\/mauertrockenlegung-bispingen\/\">Mauertrockenlegung Bispingen<\/a>, <a href=\"https:\/\/bautenschutz-keul.de\/angebote\/rissverpressung-adendorf\/\">Rissverpressung Adendorf<\/a>, <a href=\"https:\/\/bautenschutz-keul.de\/angebote\/feuchtigkeit-herzogtum-lauenburg\/\">Feuchtigkeit Herzogtum Lauenburg<\/a>, <a href=\"https:\/\/bautenschutz-keul.de\/angebote\/feuchtigkeitsschaden-reppenstedt\/\">Feuchtigkeitsschaden Reppenstedt<\/a>, <a href=\"https:\/\/bautenschutz-keul.de\/angebote\/aufsteigende-feuchtigkeit-salzhausen\/\">aufsteigende Feuchtigkeit Salzhausen<\/a>, <a href=\"https:\/\/bautenschutz-keul.de\/angebote\/zerstoerter-putz-schwarzenbek\/\">zerst\u00f6rter Putz Schwarzenbek<\/a>, <a href=\"https:\/\/bautenschutz-keul.de\/angebote\/schimmelbeseitigung-geesthacht\/\">Schimmelbeseitigung Geesthacht<\/a>, <a href=\"https:\/\/bautenschutz-keul.de\/angebote\/aussenabdichtung-schwarzenbek\/\">Au\u00dfenabdichtung Schwarzenbek<\/a>"},"_links":{"self":[{"href":"https:\/\/bautenschutz-keul.de\/angebote\/wp-json\/wp\/v2\/pages\/700","targetHints":{"allow":["GET"]}}],"collection":[{"href":"https:\/\/bautenschutz-keul.de\/angebote\/wp-json\/wp\/v2\/pages"}],"about":[{"href":"https:\/\/bautenschutz-keul.de\/angebote\/wp-json\/wp\/v2\/types\/page"}],"author":[{"embeddable":true,"href":"https:\/\/bautenschutz-keul.de\/angebote\/wp-json\/wp\/v2\/users\/1"}],"replies":[{"embeddable":true,"href":"https:\/\/bautenschutz-keul.de\/angebote\/wp-json\/wp\/v2\/comments?post=700"}],"version-history":[{"count":0,"href":"https:\/\/bautenschutz-keul.de\/angebote\/wp-json\/wp\/v2\/pages\/700\/revisions"}],"wp:attachment":[{"href":"https:\/\/bautenschutz-keul.de\/angebote\/wp-json\/wp\/v2\/media?parent=700"}],"curies":[{"name":"wp","href":"https:\/\/api.w.org\/{rel}","templated":true}]}}