{"id":702,"date":"2021-09-13T08:44:58","date_gmt":"2021-09-13T06:44:58","guid":{"rendered":"https:\/\/bautenschutz-keul.de\/angebote\/schimmelsanierung\/"},"modified":"2021-09-13T08:44:58","modified_gmt":"2021-09-13T06:44:58","slug":"schimmelsanierung","status":"publish","type":"page","link":"https:\/\/bautenschutz-keul.de\/angebote\/schimmelsanierung\/","title":{"rendered":"Schimmelsanierung"},"content":{"rendered":"<p>Wir finden es toll, dass Sie unsere Website entdeckt haben. Auf den nachfolgenden Seiten d\u00fcrfen wir uns und unsere Arbeit ausf\u00fchrlich vorstellen. Ein paar Worte \u00fcber unsere Unternehmung: Die Firma TK-Geb\u00e4udetechnik Thorsten Keul ist Ihr Fachunternehmen im Bereich Bauwerksabdichtung und Sanierung. Ans\u00e4ssig sind wir in Brietlingen bei L\u00fcneburg. Jahrelange Erfahrung macht unsere Arbeitsleistung zu einer redlichen Gr\u00f6\u00dfe. Als spezialisiertes Unternehmen z\u00e4hlen Verarbeitung und Auswahl hochwertiger Sanierungsprodukte zu unseren vorrangigen Aufgaben. Wir beraten Sie gerne ausf\u00fchrlich und immer individuell und \u00fcbernehmen s\u00e4mtliche Arbeiten. <\/p>\n<p>Wir erledigen unter anderem eine fachgerechte Mauertrockenlegung und Schimmelsanierung f\u00fcr Sie. Selbstverst\u00e4ndlich k\u00fcmmern wir uns ebenso um aufsteigende Feuchtigkeit. Auch gegen nasse Mauern, Keller und W\u00e4nde finden wir die richtige L\u00f6sung. Haupts\u00e4chlich sind wir zwischen L\u00fcneburg, Geesthacht und Harburg t\u00e4tig. Weiter unten auf|Am Ende} dieser Website haben wir unser Vertriebsgebiet f\u00fcr Sie n\u00e4her aufgef\u00fchrt. <\/p>\n<h3>Nachfolgend finden Sie einige Informationen zur Schimmelsanierung:<\/h3>\n<p>Eine nachhaltige Schimmelsanierung enth\u00e4lt generell gleich eine Menge von notwendigen Arbeiten. Neben eventuellen Instandsetzungen an W\u00e4nden, Mauern, D\u00e4chern und Hausfassaden sind \u00f6fters auch Isolierungen zu erneuern oder defekte Abdichtungen zu ersetzen. Um auf Dauer einen Neubefall zu verhindern, m\u00fcssen nicht selten auch Innen- und Au\u00dfenw\u00e4nde trockengelegt werden. Als qualifiziertes Fachunternehmen geh\u00f6rt die Schimmelsanierung zu unseren standardm\u00e4\u00dfigen Aufgaben. Genau und kompetent analysieren wir als Erstes die Schadensursache. Nach der Schadensermittlung erarbeiten wir f\u00fcr Sie ein umfassendes Programm f\u00fcr eine wirksame Schimmelsanierung. Die Schimmelbeseitigung startet oft mit einer gr\u00fcndlichen S\u00e4uberung der befallenen W\u00e4nde und B\u00f6den. Auch ein kompletter Materialaustausch ist teilweise geboten. Mit Hilfe von speziellen Verputzmaterialien und schimmelresistenten Farben erreicht man bei der Schimmelsanierung oft schon erstaunliche Resultate.<\/p>\n<h3>Unser Fachbetrieb \u00fcbernimmt die Schimmelsanierung!<\/h3>\n<p>Die Sanierungsexperten unserer Firma sorgen daf\u00fcr, dass Sie passgenaue L\u00f6sungen erhalten, die genau Ihren W\u00fcnschen und Vorstellungen entsprechen. Wir versprechen Ihnen eine fachkundig ausgef\u00fchrte Arbeit nach dem aktuellen Stand der Technik. <\/p>\n<p>D\u00fcrfen wir Sie informieren? Dann w\u00e4hlen Sie bitte:<\/p>\n<p>04133 \u2013 22 37 940<\/p>\n<p>Schenken Sie uns bei der Geb\u00e4udesanierung Ihr Vertrauen. Wir freuen uns darauf, Ihnen helfen zu d\u00fcrfen. F\u00fcr eine Terminvereibarung rufen Sie uns bitte unter der obigen Telefonnummer an oder schreiben Sie uns eine Mail. Wenn es um Sanierungsarbeiten geht, sind wir Ihr erfahrener Partner.<\/p>\n","protected":false},"excerpt":{"rendered":"<p>Wir finden es toll, dass Sie unsere Website entdeckt haben. Auf den nachfolgenden Seiten d\u00fcrfen wir uns und unsere Arbeit ausf\u00fchrlich vorstellen. Ein paar Worte \u00fcber unsere Unternehmung: Die Firma TK-Geb\u00e4udetechnik Thorsten Keul ist Ihr Fachunternehmen im Bereich Bauwerksabdichtung und Sanierung. Ans\u00e4ssig sind wir in Brietlingen bei L\u00fcneburg. Jahrelange Erfahrung macht unsere Arbeitsleistung zu einer [&hellip;]<\/p>\n","protected":false},"author":1,"featured_media":0,"parent":0,"menu_order":0,"comment_status":"closed","ping_status":"closed","template":"","meta":{"footnotes":""},"class_list":["post-702","page","type-page","status-publish","hentry"],"meta_box":{"popseo_subtitel":"Wir sind Ihr erfahrener Experte f\u00fcr die Schimmelsanierung","popseo_subtitel2":"","popseo_lasttitel":"","popseo_region":"","popseo_sachwort":"Schimmelsanierung","popseo_noupdate":"","popseo_einleitungstext":"","popseo_schlusstext":"","popseo_stadttext":"","popseo_zusatztext":"","popseo_links":"<a href=\"https:\/\/bautenschutz-keul.de\/angebote\/rissverpressung-uelzen\/\">Rissverpressung Uelzen<\/a>, <a href=\"https:\/\/bautenschutz-keul.de\/angebote\/kellersanierung-maschen\/\">Kellersanierung Maschen<\/a>, <a href=\"https:\/\/bautenschutz-keul.de\/angebote\/mauertrockenlegung-winsen-luhe\/\">Mauertrockenlegung Winsen Luhe<\/a>, <a href=\"https:\/\/bautenschutz-keul.de\/angebote\/mauertrockenlegung-bienenbuettel\/\">Mauertrockenlegung Bienenb\u00fcttel<\/a>, <a href=\"https:\/\/bautenschutz-keul.de\/angebote\/feuchtigkeit-glinde-sachsenwald\/\">Feuchtigkeit Glinde Sachsenwald<\/a>, <a href=\"https:\/\/bautenschutz-keul.de\/angebote\/bauwerksabdichtung-salzhausen\/\">Bauwerksabdichtung Salzhausen<\/a>, <a href=\"https:\/\/bautenschutz-keul.de\/angebote\/schimmel-amelinghausen\/\">Schimmel Amelinghausen<\/a>, <a href=\"https:\/\/bautenschutz-keul.de\/angebote\/schimmel-winsen-luhe\/\">Schimmel Winsen Luhe<\/a>, <a href=\"https:\/\/bautenschutz-keul.de\/angebote\/schimmelbeseitigung-maschen\/\">Schimmelbeseitigung Maschen<\/a>, <a href=\"https:\/\/bautenschutz-keul.de\/angebote\/zerstoerter-putz-jesteburg\/\">zerst\u00f6rter Putz Jesteburg<\/a>, <a href=\"https:\/\/bautenschutz-keul.de\/angebote\/feuchter-keller-maschen\/\">Feuchter Keller Maschen<\/a>, <a href=\"https:\/\/bautenschutz-keul.de\/angebote\/feuchtigkeitsschaden-reinbek-aumuehle\/\">Feuchtigkeitsschaden Reinbek Aum\u00fchle<\/a>, <a href=\"https:\/\/bautenschutz-keul.de\/angebote\/aufsteigende-feuchtigkeit-herzogtum-lauenburg\/\">aufsteigende Feuchtigkeit Herzogtum Lauenburg<\/a>, <a href=\"https:\/\/bautenschutz-keul.de\/angebote\/mauertrockenlegung-salzhausen\/\">Mauertrockenlegung Salzhausen<\/a>, <a href=\"https:\/\/bautenschutz-keul.de\/angebote\/aussenabdichtung-winsen-luhe\/\">Au\u00dfenabdichtung Winsen Luhe<\/a>, <a href=\"https:\/\/bautenschutz-keul.de\/angebote\/feuchte-wand-seevetal-rosengarten\/\">Feuchte Wand Seevetal Rosengarten<\/a>, <a href=\"https:\/\/bautenschutz-keul.de\/angebote\/kellerabdichtung-bergedorf-wentorf\/\">Kellerabdichtung Bergedorf Wentorf<\/a>, <a href=\"https:\/\/bautenschutz-keul.de\/angebote\/aufsteigende-feuchtigkeit-bad-bevensen\/\">aufsteigende Feuchtigkeit Bad Bevensen<\/a>, <a href=\"https:\/\/bautenschutz-keul.de\/angebote\/feuchter-keller-glinde-sachsenwald\/\">Feuchter Keller Glinde Sachsenwald<\/a>, <a href=\"https:\/\/bautenschutz-keul.de\/angebote\/kellersanierung-winsen-luhe\/\">Kellersanierung Winsen Luhe<\/a>, <a href=\"https:\/\/bautenschutz-keul.de\/angebote\/kellertrockenlegung-boizenburg\/\">Kellertrockenlegung Boizenburg<\/a>, <a href=\"https:\/\/bautenschutz-keul.de\/angebote\/bauwerksabdichtung-stelle\/\">Bauwerksabdichtung Stelle<\/a>, <a href=\"https:\/\/bautenschutz-keul.de\/angebote\/kellerabdichtung-reppenstedt\/\">Kellerabdichtung Reppenstedt<\/a>, <a href=\"https:\/\/bautenschutz-keul.de\/angebote\/innenabdichtung-tostedt-sittensen\/\">Innenabdichtung Tostedt Sittensen<\/a>, <a href=\"https:\/\/bautenschutz-keul.de\/angebote\/schimmelbeseitigung-seevetal-rosengarten\/\">Schimmelbeseitigung Seevetal Rosengarten<\/a>, <a href=\"https:\/\/bautenschutz-keul.de\/angebote\/feuchter-keller-reinbek-aumuehle\/\">Feuchter Keller Reinbek Aum\u00fchle<\/a>, <a href=\"https:\/\/bautenschutz-keul.de\/angebote\/salpeter-im-keller-amelinghausen\/\">Salpeter im Keller Amelinghausen<\/a>, <a href=\"https:\/\/bautenschutz-keul.de\/angebote\/feuchte-wand-schwarzenbek\/\">Feuchte Wand Schwarzenbek<\/a>"},"_links":{"self":[{"href":"https:\/\/bautenschutz-keul.de\/angebote\/wp-json\/wp\/v2\/pages\/702","targetHints":{"allow":["GET"]}}],"collection":[{"href":"https:\/\/bautenschutz-keul.de\/angebote\/wp-json\/wp\/v2\/pages"}],"about":[{"href":"https:\/\/bautenschutz-keul.de\/angebote\/wp-json\/wp\/v2\/types\/page"}],"author":[{"embeddable":true,"href":"https:\/\/bautenschutz-keul.de\/angebote\/wp-json\/wp\/v2\/users\/1"}],"replies":[{"embeddable":true,"href":"https:\/\/bautenschutz-keul.de\/angebote\/wp-json\/wp\/v2\/comments?post=702"}],"version-history":[{"count":0,"href":"https:\/\/bautenschutz-keul.de\/angebote\/wp-json\/wp\/v2\/pages\/702\/revisions"}],"wp:attachment":[{"href":"https:\/\/bautenschutz-keul.de\/angebote\/wp-json\/wp\/v2\/media?parent=702"}],"curies":[{"name":"wp","href":"https:\/\/api.w.org\/{rel}","templated":true}]}}