{"id":704,"date":"2021-09-13T08:44:58","date_gmt":"2021-09-13T06:44:58","guid":{"rendered":"https:\/\/bautenschutz-keul.de\/angebote\/feuchte-mauer\/"},"modified":"2021-09-13T08:44:58","modified_gmt":"2021-09-13T06:44:58","slug":"feuchte-mauer","status":"publish","type":"page","link":"https:\/\/bautenschutz-keul.de\/angebote\/feuchte-mauer\/","title":{"rendered":"feuchte Mauer"},"content":{"rendered":"<p>Prima, dass Sie unsere Internetseite gefunden haben. Auf den n\u00e4chsten Seiten d\u00fcrfen wir uns und unsere Arbeit detailliert pr\u00e4sentieren. Zu unserem Unternehmen: Die Firma TK-Geb\u00e4udetechnik Thorsten Keul ist Ihr Fachunternehmen im Bereich Sanierung und Bauwerksabdichtung. Ans\u00e4ssig sind wir in Brietlingen bei L\u00fcneburg. Viele Jahre Berufserfahrung macht unsere Arbeit zu einer verdienten Gr\u00f6\u00dfe. Als spezialisiertes Unternehmen z\u00e4hlen Verarbeitung und Auswahl hochwertiger Sanierungsmaterialien zu unseren Kernkompetenzen. Wir beraten Sie gerne ausf\u00fchrlich und immer individuell und \u00fcbernehmen alle Arbeiten. <\/p>\n<p>Wir erledigen z.B. eine fachgerechte Schimmelsanierung und Mauertrockenlegung f\u00fcr Sie. Selbstverst\u00e4ndlich k\u00fcmmern wir uns ebenso um aufsteigende Feuchtigkeit. Auch gegen nasse W\u00e4nde, Mauern und Keller halten wir f\u00fcr Sie eine L\u00f6sung bereit. Insbesonderet sind wir zwischen L\u00fcneburg, Geesthacht und Harburg f\u00fcr Sie im Einsatz. Weiter unten auf|Am Ende} dieser Seite haben wir unser Vertriebsgebiet f\u00fcr Sie n\u00e4her aufgef\u00fchrt. <\/p>\n<h3>Feuchte Mauer: Wir sanieren kompetent und schnell!<\/h3>\n<p>Eine feuchte Mauer kann zu einem ernsten Thema werden. Hauseigent\u00fcmer sind entsprechend gut beraten, sich umfangreich \u00fcber Instandsetzungsm\u00f6glichkeiten<br \/>\nzu informieren, wenn sie durchn\u00e4sste Stellen in ihren R\u00e4umlichkeiten entdeckt haben. Rechtzeitig bemerkt, muss eine feuchte Mauer nicht unbedingt erhebliche und zeitintensive Sanierungsarbeiten zur Folge haben. Eine feuchte Mauer kann jedoch unangenehme Wirkungen auf Wohlsein und Gesundheit der Hausbesitzer haben. Schimmel und Sporen sind nicht selten die Ursache f\u00fcr gesundheitliche Beeintr\u00e4chtigungen. Ein mehr als trifftiger Grund, der feuchten Mauer zu Leibe zu r\u00fccken. <\/p>\n<h4>Sie ben\u00f6tigen Hilfe gegen eine feuchte Mauer? Dann rufen Sie uns bitte an!<\/h4>\n<p>Unsere freundlichen und engagierten Spezialisten sorgen daf\u00fcr, dass Sie qualitative und individuelle L\u00f6sungen erhalten, die exakt Ihren Vorstellungen und W\u00fcnschen entsprechen. Wir versprechen Ihnen eine fachkundig ausgef\u00fchrte Arbeit nach dem aktuellsten Stand der Technik. <\/p>\n<p>Unser Servicetelefon f\u00fcr Sie:<\/p>\n<p>04133 \u2013 22 37 940<\/p>\n<p>Setzen Sie bei den Themen Bauwerksabdichtung und Sanierung auf die Expertise eines erfahrenen Fachbetriebes. Wir freuen uns auf den Kontakt zu Ihnen. F\u00fcr eine Terminvereibarung rufen Sie uns bitte unter der oben stehenden Telefonnummer an oder senden Sie uns eine Email. Wenn es um Sanierungsarbeiten geht, sind wir Ihr verl\u00e4sslicher Partner.<\/p>\n","protected":false},"excerpt":{"rendered":"<p>Prima, dass Sie unsere Internetseite gefunden haben. Auf den n\u00e4chsten Seiten d\u00fcrfen wir uns und unsere Arbeit detailliert pr\u00e4sentieren. Zu unserem Unternehmen: Die Firma TK-Geb\u00e4udetechnik Thorsten Keul ist Ihr Fachunternehmen im Bereich Sanierung und Bauwerksabdichtung. Ans\u00e4ssig sind wir in Brietlingen bei L\u00fcneburg. Viele Jahre Berufserfahrung macht unsere Arbeit zu einer verdienten Gr\u00f6\u00dfe. Als spezialisiertes Unternehmen [&hellip;]<\/p>\n","protected":false},"author":1,"featured_media":0,"parent":0,"menu_order":0,"comment_status":"closed","ping_status":"closed","template":"","meta":{"footnotes":""},"class_list":["post-704","page","type-page","status-publish","hentry"],"meta_box":{"popseo_subtitel":"Wir sind Ihr erfahrener Fachbetrieb in Sachen feuchte Mauer","popseo_subtitel2":"","popseo_lasttitel":"","popseo_region":"","popseo_sachwort":"feuchte Mauer","popseo_noupdate":"","popseo_einleitungstext":"","popseo_schlusstext":"","popseo_stadttext":"","popseo_zusatztext":"","popseo_links":"<a href=\"https:\/\/bautenschutz-keul.de\/angebote\/innenabdichtung-brietlingen\/\">Innenabdichtung Brietlingen<\/a>, <a href=\"https:\/\/bautenschutz-keul.de\/angebote\/salpeter-im-keller-amelinghausen\/\">Salpeter im Keller Amelinghausen<\/a>, <a href=\"https:\/\/bautenschutz-keul.de\/angebote\/feuchtigkeitsschaden-adendorf\/\">Feuchtigkeitsschaden Adendorf<\/a>, <a href=\"https:\/\/bautenschutz-keul.de\/angebote\/kellertrockenlegung-bad-bevensen\/\">Kellertrockenlegung Bad Bevensen<\/a>, <a href=\"https:\/\/bautenschutz-keul.de\/angebote\/zerstoerter-putz-bad-bevensen\/\">zerst\u00f6rter Putz Bad Bevensen<\/a>, <a href=\"https:\/\/bautenschutz-keul.de\/angebote\/schimmelbeseitigung-adendorf\/\">Schimmelbeseitigung Adendorf<\/a>, <a href=\"https:\/\/bautenschutz-keul.de\/angebote\/rissverpressung-tostedt-sittensen\/\">Rissverpressung Tostedt Sittensen<\/a>, <a href=\"https:\/\/bautenschutz-keul.de\/angebote\/feuchtigkeit-tostedt-sittensen\/\">Feuchtigkeit Tostedt Sittensen<\/a>, <a href=\"https:\/\/bautenschutz-keul.de\/angebote\/feuchter-keller-bergedorf-wentorf\/\">Feuchter Keller Bergedorf Wentorf<\/a>, <a href=\"https:\/\/bautenschutz-keul.de\/angebote\/horizontalsperre-brietlingen\/\">Horizontalsperre Brietlingen<\/a>, <a href=\"https:\/\/bautenschutz-keul.de\/angebote\/schimmelsanierung-bergedorf-wentorf\/\">Schimmelsanierung Bergedorf Wentorf<\/a>, <a href=\"https:\/\/bautenschutz-keul.de\/angebote\/kellerabdichtung-bienenbuettel\/\">Kellerabdichtung Bienenb\u00fcttel<\/a>, <a href=\"https:\/\/bautenschutz-keul.de\/angebote\/kellerabdichtung-schwarzenbek\/\">Kellerabdichtung Schwarzenbek<\/a>, <a href=\"https:\/\/bautenschutz-keul.de\/angebote\/aufsteigende-feuchtigkeit-uelzen\/\">aufsteigende Feuchtigkeit Uelzen<\/a>, <a href=\"https:\/\/bautenschutz-keul.de\/angebote\/horizontalsperre-bispingen\/\">Horizontalsperre Bispingen<\/a>, <a href=\"https:\/\/bautenschutz-keul.de\/angebote\/kellersanierung-bardowick\/\">Kellersanierung Bardowick<\/a>, <a href=\"https:\/\/bautenschutz-keul.de\/angebote\/feuchte-wand-ebstorf\/\">Feuchte Wand Ebstorf<\/a>, <a href=\"https:\/\/bautenschutz-keul.de\/angebote\/rissverpressung-winsen-luhe\/\">Rissverpressung Winsen Luhe<\/a>, <a href=\"https:\/\/bautenschutz-keul.de\/angebote\/feuchter-keller-brietlingen\/\">Feuchter Keller Brietlingen<\/a>, <a href=\"https:\/\/bautenschutz-keul.de\/angebote\/rissverpressung-ebstorf\/\">Rissverpressung Ebstorf<\/a>, <a href=\"https:\/\/bautenschutz-keul.de\/angebote\/innenabdichtung-bispingen\/\">Innenabdichtung Bispingen<\/a>, <a href=\"https:\/\/bautenschutz-keul.de\/angebote\/aufsteigende-feuchtigkeit-glinde-sachsenwald\/\">aufsteigende Feuchtigkeit Glinde Sachsenwald<\/a>, <a href=\"https:\/\/bautenschutz-keul.de\/angebote\/salpeter-im-keller-maschen\/\">Salpeter im Keller Maschen<\/a>, <a href=\"https:\/\/bautenschutz-keul.de\/angebote\/kellersanierung-adendorf\/\">Kellersanierung Adendorf<\/a>, <a href=\"https:\/\/bautenschutz-keul.de\/angebote\/bauwerksabdichtung-buechen\/\">Bauwerksabdichtung B\u00fcchen<\/a>, <a href=\"https:\/\/bautenschutz-keul.de\/angebote\/rissverpressung-glinde-sachsenwald\/\">Rissverpressung Glinde Sachsenwald<\/a>, <a href=\"https:\/\/bautenschutz-keul.de\/angebote\/feuchter-keller-bad-bevensen\/\">Feuchter Keller Bad Bevensen<\/a>, <a href=\"https:\/\/bautenschutz-keul.de\/angebote\/horizontalsperre-uelzen\/\">Horizontalsperre Uelzen<\/a>, <a href=\"https:\/\/bautenschutz-keul.de\/angebote\/innenabdichtung-amelinghausen\/\">Innenabdichtung Amelinghausen<\/a>, <a href=\"https:\/\/bautenschutz-keul.de\/angebote\/innenabdichtung-bienenbuettel\/\">Innenabdichtung Bienenb\u00fcttel<\/a>"},"_links":{"self":[{"href":"https:\/\/bautenschutz-keul.de\/angebote\/wp-json\/wp\/v2\/pages\/704","targetHints":{"allow":["GET"]}}],"collection":[{"href":"https:\/\/bautenschutz-keul.de\/angebote\/wp-json\/wp\/v2\/pages"}],"about":[{"href":"https:\/\/bautenschutz-keul.de\/angebote\/wp-json\/wp\/v2\/types\/page"}],"author":[{"embeddable":true,"href":"https:\/\/bautenschutz-keul.de\/angebote\/wp-json\/wp\/v2\/users\/1"}],"replies":[{"embeddable":true,"href":"https:\/\/bautenschutz-keul.de\/angebote\/wp-json\/wp\/v2\/comments?post=704"}],"version-history":[{"count":0,"href":"https:\/\/bautenschutz-keul.de\/angebote\/wp-json\/wp\/v2\/pages\/704\/revisions"}],"wp:attachment":[{"href":"https:\/\/bautenschutz-keul.de\/angebote\/wp-json\/wp\/v2\/media?parent=704"}],"curies":[{"name":"wp","href":"https:\/\/api.w.org\/{rel}","templated":true}]}}