{"id":706,"date":"2021-09-13T08:44:58","date_gmt":"2021-09-13T06:44:58","guid":{"rendered":"https:\/\/bautenschutz-keul.de\/angebote\/feuchter-keller\/"},"modified":"2021-09-13T08:44:58","modified_gmt":"2021-09-13T06:44:58","slug":"feuchter-keller","status":"publish","type":"page","link":"https:\/\/bautenschutz-keul.de\/angebote\/feuchter-keller\/","title":{"rendered":"feuchter Keller"},"content":{"rendered":"<p>Es freut uns sehr, dass Sie unsere Internetseite entdeckt haben. Auf den nachfolgenden Seiten m\u00f6chten wir uns und unsere Arbeit ausf\u00fchrlich pr\u00e4sentieren. Ein paar Worte zu uns: Die Firma TK-Geb\u00e4udetechnik Thorsten Keul ist Ihr Partner im Bereich Bauwerksabdichtung und Sanierung. Ans\u00e4ssig sind wir in Brietlingen bei L\u00fcneburg. Intensive Erfahrung macht unsere Arbeitsleistung zu einer verdienten Gr\u00f6\u00dfe. Als Spezialist geh\u00f6ren Auswahl und Verarbeitung hochwertiger Materialien zu unseren vorrangigen Aufgaben. Wir beraten Sie gerne individuell und ausf\u00fchrlich und \u00fcbernehmen alle Arbeiten. <\/p>\n<p>Wir erledigen unter anderem eine fachgerechte Schimmelsanierung und Mauertrockenlegung f\u00fcr Sie. Selbstverst\u00e4ndlich k\u00fcmmern wir uns ebenso um aufsteigende Feuchtigkeit. Auch gegen nasse Keller, W\u00e4nde und Mauern finden wir die richtige L\u00f6sung. Insbesonderet sind wir zwischen L\u00fcneburg, Harburg und Geesthacht t\u00e4tig. Weiter unten auf|Am Ende} dieser Website haben wir unser Vertriebsgebiet f\u00fcr Sie detailliert aufgelistet. <\/p>\n<h3>Feuchter Keller: Schnelle Hilfe durch den Fachbetrieb!<\/h3>\n<p>Ein feuchter Keller k\u00f6nnte unbehandelt zum ernsthaften \u00c4rgernis werden. Hauseigent\u00fcmer sind immer wieder bestens beraten, sich n\u00e4her \u00fcber Sanierungsm\u00f6glichkeiten zu erkundigen, wenn sie durchfeuchtete Stellen in Ihren Kellerr\u00e4umen gefunden haben.<\/p>\n<p>Ein feuchter Keller kann durchaus ungute Effekte auf Befinden und Verfassung der Geb\u00e4udebewohner haben. Schimmel und Sporen sind oft der Grund f\u00fcr gesundheitliche St\u00f6rungen. Ein mehr als guter Grund dem feuchten Keller auf den Pelz zu f\u00fchlen. Ein feuchter Keller ist ein Fall f\u00fcr den Experten. Nur ein perfekt geschulter Experte kennt die zweckm\u00e4\u00dfigen Anwendungen, wie ein feuchter Keller schleunigst und erfolgreich instandgesetzt werden kann. Nicht selten liegt die Ursache f\u00fcr einen feuchten Keller in einer nicht ausreichenden Luftzufuhr. Auch defekte Wasserrohre d\u00fcrften die Ursache f\u00fcr einen feuchten Keller sein. Solcherlei Gr\u00fcnde sind normalerweise umgehend repariert. Sehr viel aufw\u00e4ndiger wird es, wenn festgestellt wird, dass die Feuchtigkeit von au\u00dferhalb in den Keller eindringt. Ein h\u00f6herer Grundwasserspiegel f\u00fchrt z.B. dazu, dass N\u00e4sse in das Mauerwerk eindringt. Ebenfalls H\u00e4user mit Hanglage sind gef\u00e4hrdet f\u00fcr durchdringende N\u00e4sse. Hier kann es durchaus sein, dass gr\u00f6\u00dfere Gesch\u00fctze f\u00fcr eine effektive Sanierung erwogen werden m\u00fcssen.<\/p>\n<h4>Sie ben\u00f6tigen Hilfe gegen einen feuchten Keller? Dann rufen Sie uns bitte an!<\/h4>\n<p>Unser engagiertes Team sorgt daf\u00fcr, dass Sie individuelle L\u00f6sungen erhalten, die exakt Ihren W\u00fcnschen und Vorstellungen entsprechen. Wir versprechen Ihnen eine fachm\u00e4nnisch erledigte Arbeit nach dem aktuellsten Stand der Sanierungstechnik. <\/p>\n<p>Unsere Servicenummer:<\/p>\n<p>04133 \u2013 22 37 940<\/p>\n<p>Schenken Sie uns bei der Geb\u00e4udesanierung Ihr Vertrauen. Wir w\u00fcrden uns freuen, wenn wir Ihnen helfen k\u00f6nnen. F\u00fcr einen Termin rufen Sie uns bitte unter der obigen Telefonnummer an oder schreiben Sie uns eine Email. Wenn es um Sanierungsarbeiten geht, sind wir Ihr erfahrener Partner.<\/p>\n","protected":false},"excerpt":{"rendered":"<p>Es freut uns sehr, dass Sie unsere Internetseite entdeckt haben. Auf den nachfolgenden Seiten m\u00f6chten wir uns und unsere Arbeit ausf\u00fchrlich pr\u00e4sentieren. Ein paar Worte zu uns: Die Firma TK-Geb\u00e4udetechnik Thorsten Keul ist Ihr Partner im Bereich Bauwerksabdichtung und Sanierung. Ans\u00e4ssig sind wir in Brietlingen bei L\u00fcneburg. Intensive Erfahrung macht unsere Arbeitsleistung zu einer verdienten [&hellip;]<\/p>\n","protected":false},"author":1,"featured_media":0,"parent":0,"menu_order":0,"comment_status":"closed","ping_status":"closed","template":"","meta":{"footnotes":""},"class_list":["post-706","page","type-page","status-publish","hentry"],"meta_box":{"popseo_subtitel":"Wir sind Ihr Experte in Sachen feuchter Keller","popseo_subtitel2":"","popseo_lasttitel":"","popseo_region":"","popseo_sachwort":"feuchter Keller","popseo_noupdate":"","popseo_einleitungstext":"","popseo_schlusstext":"","popseo_stadttext":"","popseo_zusatztext":"","popseo_links":"<a href=\"https:\/\/bautenschutz-keul.de\/angebote\/kellertrockenlegung-reinbek-aumuehle\/\">Kellertrockenlegung Reinbek Aum\u00fchle<\/a>, <a href=\"https:\/\/bautenschutz-keul.de\/angebote\/innenabdichtung-glinde-sachsenwald\/\">Innenabdichtung Glinde Sachsenwald<\/a>, <a href=\"https:\/\/bautenschutz-keul.de\/angebote\/feuchte-mauer-bergedorf-wentorf\/\">Feuchte Mauer Bergedorf Wentorf<\/a>, <a href=\"https:\/\/bautenschutz-keul.de\/angebote\/feuchtigkeit-winsen-luhe\/\">Feuchtigkeit Winsen Luhe<\/a>, <a href=\"https:\/\/bautenschutz-keul.de\/angebote\/feuchtigkeit-salzhausen\/\">Feuchtigkeit Salzhausen<\/a>, <a href=\"https:\/\/bautenschutz-keul.de\/angebote\/kellerabdichtung-buechen\/\">Kellerabdichtung B\u00fcchen<\/a>, <a href=\"https:\/\/bautenschutz-keul.de\/angebote\/schimmelbeseitigung-uelzen\/\">Schimmelbeseitigung Uelzen<\/a>, <a href=\"https:\/\/bautenschutz-keul.de\/angebote\/feuchtigkeitsschaden-bergedorf-wentorf\/\">Feuchtigkeitsschaden Bergedorf Wentorf<\/a>, <a href=\"https:\/\/bautenschutz-keul.de\/angebote\/aufsteigende-feuchtigkeit-seevetal-rosengarten\/\">aufsteigende Feuchtigkeit Seevetal Rosengarten<\/a>, <a href=\"https:\/\/bautenschutz-keul.de\/angebote\/rissverpressung-lueneburg\/\">Rissverpressung L\u00fcneburg<\/a>, <a href=\"https:\/\/bautenschutz-keul.de\/angebote\/schimmelsanierung-uelzen\/\">Schimmelsanierung Uelzen<\/a>, <a href=\"https:\/\/bautenschutz-keul.de\/angebote\/innenabdichtung-jesteburg\/\">Innenabdichtung Jesteburg<\/a>, <a href=\"https:\/\/bautenschutz-keul.de\/angebote\/schimmelbeseitigung-bispingen\/\">Schimmelbeseitigung Bispingen<\/a>, <a href=\"https:\/\/bautenschutz-keul.de\/angebote\/feuchtigkeitsschaden-amelinghausen\/\">Feuchtigkeitsschaden Amelinghausen<\/a>, <a href=\"https:\/\/bautenschutz-keul.de\/angebote\/innenabdichtung-uelzen\/\">Innenabdichtung Uelzen<\/a>, <a href=\"https:\/\/bautenschutz-keul.de\/angebote\/feuchte-wand-reinbek-aumuehle\/\">Feuchte Wand Reinbek Aum\u00fchle<\/a>, <a href=\"https:\/\/bautenschutz-keul.de\/angebote\/feuchtigkeitsschaden-glinde-sachsenwald\/\">Feuchtigkeitsschaden Glinde Sachsenwald<\/a>, <a href=\"https:\/\/bautenschutz-keul.de\/angebote\/feuchte-wand-buchholz-in-der-nordheide\/\">Feuchte Wand Buchholz in der Nordheide<\/a>, <a href=\"https:\/\/bautenschutz-keul.de\/angebote\/feuchte-mauer-harburg\/\">Feuchte Mauer Harburg<\/a>, <a href=\"https:\/\/bautenschutz-keul.de\/angebote\/schimmelbeseitigung-glinde-sachsenwald\/\">Schimmelbeseitigung Glinde Sachsenwald<\/a>, <a href=\"https:\/\/bautenschutz-keul.de\/angebote\/kellerabdichtung-seevetal-rosengarten\/\">Kellerabdichtung Seevetal Rosengarten<\/a>, <a href=\"https:\/\/bautenschutz-keul.de\/angebote\/feuchtigkeitsschaden-bispingen\/\">Feuchtigkeitsschaden Bispingen<\/a>, <a href=\"https:\/\/bautenschutz-keul.de\/angebote\/mauertrockenlegung-bergedorf-wentorf\/\">Mauertrockenlegung Bergedorf Wentorf<\/a>, <a href=\"https:\/\/bautenschutz-keul.de\/angebote\/aufsteigende-feuchtigkeit-jesteburg\/\">aufsteigende Feuchtigkeit Jesteburg<\/a>, <a href=\"https:\/\/bautenschutz-keul.de\/angebote\/mauertrockenlegung-adendorf\/\">Mauertrockenlegung Adendorf<\/a>, <a href=\"https:\/\/bautenschutz-keul.de\/angebote\/schimmel-buechen\/\">Schimmel B\u00fcchen<\/a>, <a href=\"https:\/\/bautenschutz-keul.de\/angebote\/feuchtigkeit-brietlingen\/\">Feuchtigkeit Brietlingen<\/a>, <a href=\"https:\/\/bautenschutz-keul.de\/angebote\/salpeter-im-keller-bienenbuettel\/\">Salpeter im Keller Bienenb\u00fcttel<\/a>, <a href=\"https:\/\/bautenschutz-keul.de\/angebote\/schimmel-winsen-luhe\/\">Schimmel Winsen Luhe<\/a>, <a href=\"https:\/\/bautenschutz-keul.de\/angebote\/aufsteigende-feuchtigkeit-buechen\/\">aufsteigende Feuchtigkeit B\u00fcchen<\/a>"},"_links":{"self":[{"href":"https:\/\/bautenschutz-keul.de\/angebote\/wp-json\/wp\/v2\/pages\/706","targetHints":{"allow":["GET"]}}],"collection":[{"href":"https:\/\/bautenschutz-keul.de\/angebote\/wp-json\/wp\/v2\/pages"}],"about":[{"href":"https:\/\/bautenschutz-keul.de\/angebote\/wp-json\/wp\/v2\/types\/page"}],"author":[{"embeddable":true,"href":"https:\/\/bautenschutz-keul.de\/angebote\/wp-json\/wp\/v2\/users\/1"}],"replies":[{"embeddable":true,"href":"https:\/\/bautenschutz-keul.de\/angebote\/wp-json\/wp\/v2\/comments?post=706"}],"version-history":[{"count":0,"href":"https:\/\/bautenschutz-keul.de\/angebote\/wp-json\/wp\/v2\/pages\/706\/revisions"}],"wp:attachment":[{"href":"https:\/\/bautenschutz-keul.de\/angebote\/wp-json\/wp\/v2\/media?parent=706"}],"curies":[{"name":"wp","href":"https:\/\/api.w.org\/{rel}","templated":true}]}}