{"id":707,"date":"2021-09-13T08:44:58","date_gmt":"2021-09-13T06:44:58","guid":{"rendered":"https:\/\/bautenschutz-keul.de\/angebote\/zerstoerter-putz\/"},"modified":"2021-09-13T08:44:58","modified_gmt":"2021-09-13T06:44:58","slug":"zerstoerter-putz","status":"publish","type":"page","link":"https:\/\/bautenschutz-keul.de\/angebote\/zerstoerter-putz\/","title":{"rendered":"zerst\u00f6rter Putz"},"content":{"rendered":"<p>Wir freuen uns, dass Sie unsere Internetseite gefunden haben. Auf den folgenden Seiten m\u00f6chten wir uns und unsere Arbeit detailliert pr\u00e4sentieren. Ein paar Worte zu uns: Die Firma TK-Geb\u00e4udetechnik Thorsten Keul ist Ihr Fachunternehmen im Bereich Bauwerksabdichtung und Sanierung. Ans\u00e4ssig sind wir in Brietlingen bei L\u00fcneburg. Viele Jahre Berufserfahrung macht unsere Arbeit zu einer verl\u00e4sslichen Gr\u00f6\u00dfe. Als qualifizierte Fachfirma z\u00e4hlen Verarbeitung und Auswahl hochwertiger Materialien zu unseren vorrangigen Aufgaben. Wir beraten Sie gerne ausf\u00fchrlich und immer individuell und \u00fcbernehmen alle Arbeiten. <\/p>\n<p>Wir erledigen z.B. eine fachgerechte Schimmelsanierung und Mauertrockenlegung f\u00fcr Sie. Nat\u00fcrlich k\u00fcmmern wir uns ebenso um aufsteigende Feuchtigkeit. Auch gegen nasse Mauern, Keller und W\u00e4nde kennen wir die richtigen Mittel. Insbesonderet sind wir zwischen L\u00fcneburg, Geesthacht und Harburg t\u00e4tig. Weiter unten auf|Am Ende} dieser Website haben wir unser Vertriebsgebiet f\u00fcr Sie n\u00e4her aufgef\u00fchrt. <\/p>\n<h3>Wir helfen rasch bei zerst\u00f6rtem Putz!<\/h3>\n<p>Wer seine Kellerr\u00e4ume sanieren m\u00f6chte, der ist gut beraten, nur hochwertige Baumaterialien zu nutzen. Ein geeigneter Putz geh\u00f6rt auf jeden Fall dazu. Bei zerst\u00f6rtem Putz sollten Sie Wert darauf legen, dass nur beste Produkte bei der Instandsetzung verarbeitet werden. Eine korrekt ausgef\u00fchrte Sanierung ist eine Investition, die sich rechnet. Voraussetzung ist allerdings, dass die Instandsetzung auf Dauer angelegt ist. Es ist nicht anzuraten, nur eine kurzfristige Ma\u00dfnahme zu beginnen. Bei einer Sanierungsma\u00dfnahme kommt es insbesondere darauf an, den Mangel dauerhaft zu beseitigen. Hier hei\u00dft es, nicht an der falschen Stelle zu sparen. Qualitativ gute Baustoffe sind f\u00fcr eine langfristig erfolgreiche Arbeit von gro\u00dfer Bedeutung. Dies gilt insbesondere bei zerst\u00f6rtem Putz.<\/p>\n<p>Speziell|Besonders|Insbesondere} ein nasser Kellerraum kann die Bausubstanz einer Immobilie dauerhaft beeintr\u00e4chtigen. Zerst\u00f6rter Putz f\u00e4llt dabei besonders schnell ins Auge. Von Au\u00dfen eindringende Feuchtigkeit ist ein h\u00e4ufiges Problem. Putz ist nat\u00fcrlich \u00e4u\u00dferst anf\u00e4llig und weist nach einer gewissen Zeit deutlich sichtbare Sch\u00e4den auf. Die Verarbeitung eines hochwertigen Sanierputzes ist f\u00fcr eine langfristig erfolgreiche Arbeit absolut wichtig.<\/p>\n<h4>Zerst\u00f6rter Putz: Wir nehmen uns dem Problem an!<\/h4>\n<p>Die Sanierungsexperten unserer Firma sorgen daf\u00fcr, dass Sie passgenaue L\u00f6sungen bekommen, die genau Ihren W\u00fcnschen und Vorstellungen entsprechen. Wir bieten Ihnen eine fachkundig erledigte Arbeit nach dem heutigen Stand der Sanierungstechnik. <\/p>\n<p>Informationen erhalten Sie unter:<\/p>\n<p>04133 \u2013 22 37 940<\/p>\n<p>Vertrauen Sie beim Thema Geb\u00e4udesanierung den Spezialisten der Firma Keul. Wir w\u00fcrden uns freuen, wenn wir Ihnen helfen k\u00f6nnen. F\u00fcr einen Termin rufen Sie uns bitte unter der oben stehenden Telefonnummer an oder schreiben Sie uns eine E-Mail. Wenn es um Sanierungsarbeiten geht, sind wir Ihr verl\u00e4sslicher Partner.<\/p>\n","protected":false},"excerpt":{"rendered":"<p>Wir freuen uns, dass Sie unsere Internetseite gefunden haben. Auf den folgenden Seiten m\u00f6chten wir uns und unsere Arbeit detailliert pr\u00e4sentieren. Ein paar Worte zu uns: Die Firma TK-Geb\u00e4udetechnik Thorsten Keul ist Ihr Fachunternehmen im Bereich Bauwerksabdichtung und Sanierung. Ans\u00e4ssig sind wir in Brietlingen bei L\u00fcneburg. Viele Jahre Berufserfahrung macht unsere Arbeit zu einer verl\u00e4sslichen [&hellip;]<\/p>\n","protected":false},"author":1,"featured_media":0,"parent":0,"menu_order":0,"comment_status":"closed","ping_status":"closed","template":"","meta":{"footnotes":""},"class_list":["post-707","page","type-page","status-publish","hentry"],"meta_box":{"popseo_subtitel":"zerst\u00f6rter Putz: Die Firma TK-Geb\u00e4udetechnik Thorsten Keul ist Ihr Spezialist f\u00fcr Abdichtung und Sanierung","popseo_subtitel2":"","popseo_lasttitel":"","popseo_region":"","popseo_sachwort":"zerst\u00f6rter Putz","popseo_noupdate":"","popseo_einleitungstext":"","popseo_schlusstext":"","popseo_stadttext":"","popseo_zusatztext":"","popseo_links":"<a href=\"https:\/\/bautenschutz-keul.de\/angebote\/aussenabdichtung-harburg\/\">Au\u00dfenabdichtung Harburg<\/a>, <a href=\"https:\/\/bautenschutz-keul.de\/angebote\/mauertrockenlegung-winsen-luhe\/\">Mauertrockenlegung Winsen Luhe<\/a>, <a href=\"https:\/\/bautenschutz-keul.de\/angebote\/schimmelsanierung-adendorf\/\">Schimmelsanierung Adendorf<\/a>, <a href=\"https:\/\/bautenschutz-keul.de\/angebote\/rissverpressung-reppenstedt\/\">Rissverpressung Reppenstedt<\/a>, <a href=\"https:\/\/bautenschutz-keul.de\/angebote\/schimmel-salzhausen\/\">Schimmel Salzhausen<\/a>, <a href=\"https:\/\/bautenschutz-keul.de\/angebote\/innenabdichtung-tostedt-sittensen\/\">Innenabdichtung Tostedt Sittensen<\/a>, <a href=\"https:\/\/bautenschutz-keul.de\/angebote\/salpeter-im-keller-glinde-sachsenwald\/\">Salpeter im Keller Glinde Sachsenwald<\/a>, <a href=\"https:\/\/bautenschutz-keul.de\/angebote\/feuchtigkeitsschaden-maschen\/\">Feuchtigkeitsschaden Maschen<\/a>, <a href=\"https:\/\/bautenschutz-keul.de\/angebote\/schimmelsanierung-tostedt-sittensen\/\">Schimmelsanierung Tostedt Sittensen<\/a>, <a href=\"https:\/\/bautenschutz-keul.de\/angebote\/feuchte-mauer-boizenburg\/\">Feuchte Mauer Boizenburg<\/a>, <a href=\"https:\/\/bautenschutz-keul.de\/angebote\/schimmel-boizenburg\/\">Schimmel Boizenburg<\/a>, <a href=\"https:\/\/bautenschutz-keul.de\/angebote\/feuchtigkeit-ebstorf\/\">Feuchtigkeit Ebstorf<\/a>, <a href=\"https:\/\/bautenschutz-keul.de\/angebote\/feuchte-wand-reinbek-aumuehle\/\">Feuchte Wand Reinbek Aum\u00fchle<\/a>, <a href=\"https:\/\/bautenschutz-keul.de\/angebote\/kellertrockenlegung-brietlingen\/\">Kellertrockenlegung Brietlingen<\/a>, <a href=\"https:\/\/bautenschutz-keul.de\/angebote\/rissverpressung-stelle\/\">Rissverpressung Stelle<\/a>, <a href=\"https:\/\/bautenschutz-keul.de\/angebote\/salpeter-im-keller-buechen\/\">Salpeter im Keller B\u00fcchen<\/a>, <a href=\"https:\/\/bautenschutz-keul.de\/angebote\/horizontalsperre-geesthacht\/\">Horizontalsperre Geesthacht<\/a>, <a href=\"https:\/\/bautenschutz-keul.de\/angebote\/rissverpressung-harburg\/\">Rissverpressung Harburg<\/a>, <a href=\"https:\/\/bautenschutz-keul.de\/angebote\/salpeter-im-keller-bergedorf-wentorf\/\">Salpeter im Keller Bergedorf Wentorf<\/a>, <a href=\"https:\/\/bautenschutz-keul.de\/angebote\/feuchtigkeit-reppenstedt\/\">Feuchtigkeit Reppenstedt<\/a>, <a href=\"https:\/\/bautenschutz-keul.de\/angebote\/aufsteigende-feuchtigkeit-geesthacht\/\">aufsteigende Feuchtigkeit Geesthacht<\/a>, <a href=\"https:\/\/bautenschutz-keul.de\/angebote\/innenabdichtung-buchholz-in-der-nordheide\/\">Innenabdichtung Buchholz in der Nordheide<\/a>, <a href=\"https:\/\/bautenschutz-keul.de\/angebote\/mauertrockenlegung-maschen\/\">Mauertrockenlegung Maschen<\/a>, <a href=\"https:\/\/bautenschutz-keul.de\/angebote\/kellertrockenlegung-reinbek-aumuehle\/\">Kellertrockenlegung Reinbek Aum\u00fchle<\/a>, <a href=\"https:\/\/bautenschutz-keul.de\/angebote\/schimmelbeseitigung-bardowick\/\">Schimmelbeseitigung Bardowick<\/a>, <a href=\"https:\/\/bautenschutz-keul.de\/angebote\/kellerabdichtung-buechen\/\">Kellerabdichtung B\u00fcchen<\/a>, <a href=\"https:\/\/bautenschutz-keul.de\/angebote\/rissverpressung-ebstorf\/\">Rissverpressung Ebstorf<\/a>, <a href=\"https:\/\/bautenschutz-keul.de\/angebote\/schimmelsanierung-jesteburg\/\">Schimmelsanierung Jesteburg<\/a>, <a href=\"https:\/\/bautenschutz-keul.de\/angebote\/aussenabdichtung-seevetal-rosengarten\/\">Au\u00dfenabdichtung Seevetal Rosengarten<\/a>, <a href=\"https:\/\/bautenschutz-keul.de\/angebote\/aufsteigende-feuchtigkeit-amelinghausen\/\">aufsteigende Feuchtigkeit Amelinghausen<\/a>"},"_links":{"self":[{"href":"https:\/\/bautenschutz-keul.de\/angebote\/wp-json\/wp\/v2\/pages\/707","targetHints":{"allow":["GET"]}}],"collection":[{"href":"https:\/\/bautenschutz-keul.de\/angebote\/wp-json\/wp\/v2\/pages"}],"about":[{"href":"https:\/\/bautenschutz-keul.de\/angebote\/wp-json\/wp\/v2\/types\/page"}],"author":[{"embeddable":true,"href":"https:\/\/bautenschutz-keul.de\/angebote\/wp-json\/wp\/v2\/users\/1"}],"replies":[{"embeddable":true,"href":"https:\/\/bautenschutz-keul.de\/angebote\/wp-json\/wp\/v2\/comments?post=707"}],"version-history":[{"count":0,"href":"https:\/\/bautenschutz-keul.de\/angebote\/wp-json\/wp\/v2\/pages\/707\/revisions"}],"wp:attachment":[{"href":"https:\/\/bautenschutz-keul.de\/angebote\/wp-json\/wp\/v2\/media?parent=707"}],"curies":[{"name":"wp","href":"https:\/\/api.w.org\/{rel}","templated":true}]}}