{"id":92,"date":"2021-09-13T08:43:32","date_gmt":"2021-09-13T06:43:32","guid":{"rendered":"https:\/\/bautenschutz-keul.de\/angebote\/aussenabdichtung-bardowick\/"},"modified":"2021-09-13T08:43:32","modified_gmt":"2021-09-13T06:43:32","slug":"aussenabdichtung-bardowick","status":"publish","type":"page","link":"https:\/\/bautenschutz-keul.de\/angebote\/aussenabdichtung-bardowick\/","title":{"rendered":"Au\u00dfenabdichtung &#8211; Bardowick"},"content":{"rendered":"<h3>Au\u00dfenabdichtung \u2013 wir \u00fcbernehmen das!<\/h3>\n<p>Ein feuchter Keller kann die bauliche Substanz eines Hauses folgenschwer sch\u00e4digen.<br \/>\nBesonders von au\u00dfen einsickernde Feuchtigkeit ist ein Problem, dessen sich<br \/>\nImmobilieneigent\u00fcmer unbedingt annehmen sollten. In der Regel ist die Au\u00dfenabdichtung eine geeignete Methode. Sollte die Abdichtung von au\u00dfen einmal nicht m\u00f6glich sein, kann eine Innenabdichtung vorgenommen werden. Die Abdichtung verfolgt den Zweck, die W\u00e4nde von langfristig wasserdicht zu machen. Mit der Au\u00dfenabdichtung schaffen Sie die Basis, Ihre Immobilie vor substanzgef\u00e4hrdenden N\u00e4ssesch\u00e4den zu bewahren. Eine Vielzahl von guten Baustoffen steht hierf\u00fcr zum Gebrauch bereit. Je nach Aufgabenstellung lassen sich f\u00fcr die Au\u00dfenabdichtung Beschichtungen aus Bitumen oder auch Dichtungsschl\u00e4mme und Putze verarbeiten. Auch bahnenf\u00f6rmige Abdichtungsprodukte zeitigen gute Ergebnisse. Bitumen gewinnt man aus Erd\u00f6l. Die ausgesprochen widerstandsf\u00e4hige Substanz wird in mehreren Auspr\u00e4gungen angeboten und an die Au\u00dfenw\u00e4nde aufgetragen.<\/p>\n<h3>Sie interessieren sich f\u00fcr eine Au\u00dfenabdichtung? Dann rufen Sie uns bitte an!<\/h3>\n<p>Um den Sanierungsumfang zu festzustellen sowie die geeigneten Baustoffe und Methoden auszuw\u00e4hlen, ist eine Sichtung direkt am betroffenen Geb\u00e4ude zwingend von N\u00f6ten. Nur wenn man die Gr\u00fcnde und den Umfang der Duchn\u00e4ssungen kennt, kann man die entsprechenden Ma\u00dfnahmen f\u00fcr eine Au\u00dfenabdichtung festlegen.<\/p>\n","protected":false},"excerpt":{"rendered":"<p>Au\u00dfenabdichtung \u2013 wir \u00fcbernehmen das! Ein feuchter Keller kann die bauliche Substanz eines Hauses folgenschwer sch\u00e4digen. Besonders von au\u00dfen einsickernde Feuchtigkeit ist ein Problem, dessen sich Immobilieneigent\u00fcmer unbedingt annehmen sollten. In der Regel ist die Au\u00dfenabdichtung eine geeignete Methode. Sollte die Abdichtung von au\u00dfen einmal nicht m\u00f6glich sein, kann eine Innenabdichtung vorgenommen werden. Die Abdichtung [&hellip;]<\/p>\n","protected":false},"author":1,"featured_media":0,"parent":0,"menu_order":0,"comment_status":"closed","ping_status":"closed","template":"","meta":{"footnotes":""},"class_list":["post-92","page","type-page","status-publish","hentry"],"meta_box":{"popseo_subtitel":"Die Firma TK-Geb\u00e4udetechnik Thorsten Keul ist Ihr Partner f\u00fcr eine Au\u00dfenabdichtung im Raum Bardowick","popseo_subtitel2":"Au\u00dfenabdichtung - unsere Spezialisten kennen sich aus!","popseo_lasttitel":"Au\u00dfenabdichtung: Treten Sie in Kontakt mit uns!","popseo_region":"Bardowick","popseo_sachwort":"Au\u00dfenabdichtung","popseo_noupdate":"","popseo_einleitungstext":"<p>Sie haben sich mit der Bauwerksabdichtung auseinandergesetzt, weil Ihre Immobilie feuchte Geb\u00e4udebereiche aufweist und Sie nach Methoden einer wirkungsvollen und professionellen Sanierung Ausschau halten. Ausgezeichnet, dass Sie unsere Website entdeckt haben. Auf den folgenden Seiten m\u00f6chten wir Ihnen n\u00e4here Informationen zu unserem Leistungsangebot geben. Sie lernen auf dieser Internetseite unsere Firma n\u00e4her kennen. <\/p>\n<p>Die Firma TK-Geb\u00e4udetechnik Thorsten Keul ist ein qualifizierter und etablierter Handwerksbetrieb mit Firmensitz in Brietlingen bei L\u00fcneburg. Seit vielen Jahren schon sind wir Ihre Experten f\u00fcr alle auftretenden Fragen rund um die Bauwerksabdichtung. Wir setzen ausschlie\u00dflich effektive und praxisbew\u00e4hrte Sanierungsmethoden und -systeme ein. Als Fachbetrieb f\u00fcr Abdichtung und Sanierung schauen wir auf eine lange und intensive Berufserfahrung zur\u00fcck. Unsere freundlichen Mitarbeiter informieren Sie gerne im Detail.<\/p>","popseo_schlusstext":"<p>Sie ben\u00f6tigen einen Experten f\u00fcr die Bauwerksabdichtung. Klasse, dass unser Angebot Ihre Aufmerksamkeit gefunden hat. Worauf Sie neben unserer Fachkompetenz setzen d\u00fcrfen: Unser Expertenteam ist motiviert und immer mit der n\u00f6tigen Energie f\u00fcr Sie im Einsatz. Wir freuen uns sehr, wenn wir Sie in einem unverbindlichen Beratungsgespr\u00e4ch \u00fcber die zahllosen Alternativen, die sich Ihnen bieten, informieren d\u00fcrfen. Kontakten sie uns bitte per E-Mail oder Telefon. Wir werden gerne f\u00fcr Sie aktiv!<\/p>","popseo_stadttext":"<h3>Wir arbeiten gerne f\u00fcr Kunden aus Bardowick<\/h3>\n<p>Bardowick ist ein Flecken in der Nachbarschaft von Winsen (Luhe) und L\u00fcneburg. Verwaltungstechnisch geh\u00f6rt die Gemeinde zum Landkreis L\u00fcneburg. Bardowick hat etwa 7.000 gemeldete B\u00fcrger und erstreckt sich \u00fcber ein Areal von knapp 23 qkm. Die Gemeinde ist Amtssitz der Samtgemeinde Bardowick, einem Zusammenschluss von sieben kleineren Orten \u2013 neben Bardowick selbst sind dies Barum, Handorf, Radbruch, Mechtersen, Wittorf und V\u00f6gelsen. Die Samtgemeinde z\u00e4hlt in Summe knapp 18.000 B\u00fcrger und erstreckt sich \u00fcber ein Areal von etwas mehr als 100 qkm.<\/p>\n<p>Durch unsere Gesch\u00e4ftst\u00e4tigkeit haben wir uns einen guten \u00dcberblick \u00fcber die Stadtarchitektur der Gemeinden und St\u00e4dte unseres Einzugsbereiches erarbeiten k\u00f6nnen. Sie kommen aus der Samtgemeinde Bardowick und sind hier im World Wide Web auf unsere Homepage gesto\u00dfen? Das finden wir toll. Gerne pr\u00e4sentieren wir Ihnen unser gesamtes Leistungsspektrum und beantworten Ihre Fragen. Wir freuen uns darauf, mit Ihnen in Kontakt zu treten. <\/p>\n<h3>Gute Gr\u00fcnde sprechen f\u00fcr den Wohnort Bardowick<\/h3>\n<p>Die Wirtschaft von Bardowick wird dominiert von kleinen Unternehmen.  Mittelpunkt ist die Landwirtschaft, hier insbesondere der M\u00f6hren- und Spargelanbau. Jedes Jahr wird vor Ort deshalb auch die sogenannte Wurzelk\u00f6nigin gew\u00e4hlt \u2013 ein Titel, der wohl einmalig ist. Hinsichtlich der Verkehrssituation ist der Flecken Bardowick gut zu erreichen: In unmittelbarer Umgebung des Gemeindegebietes liegt eine Anschlussstelle zur BAB 39 in Richtung Hamburg. Au\u00dferdem erreicht man den Ort mit der Bahn auf der Streckenverbindung Hannover-Hamburg. Bardowick ist ein attraktiver Ort mit einem bukolischem Flair. Der charmante Flecken ist eine familienfreundliche Ortschaft und bietet den Einwohnern ein absolut attaktives Umfeld zum Arbeiten und Leben.       <\/p>\n<h4>Unsere Leistung f\u00fcr qualit\u00e4tsbewusste Kunden aus Bardowick<\/h4>\n<p>Sie leben in Bardowick, Handorf, Barum, Radbruch, Mechtersen, Wittorf oder V\u00f6gelsen und interessieren sich f\u00fcr unser Leistungsangebot. Prima, dass Sie uns hier auf dieser Website entdeckt haben. F\u00fcr R\u00fcckfragen sind wir jederzeit f\u00fcr Sie da. Auf Ihre Anfragen freuen wir uns.<\/p>","popseo_zusatztext":"<h3>Keine Angst vor hohen Kosten<\/h3>\n<p>Sie sind interessiert an Trocknungs- oder Sanierungsarbeiten und w\u00fcnschen sich ein individuelles Angebot, das eine handwerklich gute Arbeit garantiert, gleichzeitig aber keine hohen Kosten nach sich zieht. Klasse, dann sind Sie bei uns an der richtigen Adresse. Als Spezialist f\u00fcr Schimmelbeseitigung, Geb\u00e4udeabdichtung und Kellersanierung verwenden wir ausnahmslos hochwertige Materialien. Nichtsdestotrotz achten wir nat\u00fcrlich auf die Kosten, die nat\u00fcrlich nicht zu hoch sein sollen. Wir m\u00f6chten Ihnen beste Qualit\u00e4t bieten, die gleichzeitig auch die Kosten im Blick beh\u00e4lt. Bei uns stimmen Kosten und Leistung: Schon seit etlichen Jahren sind wir Ihr qualifizierter Partner f\u00fcr Sanierungs- und Trocknungsarbeiten im norddeutschen Raum. Unser Standort liegt verkehrsg\u00fcnstig in Brietlingen bei L\u00fcndeburg. Die Kosten stets vor Augen: Wir sorgen f\u00fcr eine fachgerecht durchgef\u00fchrte Sanierungsarbeit nach dem stets derzeitigen Stand der Technik.<\/p>\n<h3>Kosten vs. Leistung: Eine Sanierung rechnet sich!<\/h3>\n<p>D\u00fcrfen wir Sie beraten, wie Sie die Kosten f\u00fcr eine Sanierung begrenzen k\u00f6nnen? Super, dann z\u00f6gern Sie bitte nicht und nehmen am besten noch heute Kontakt mit uns auf. Ein kurzer Anruf oder auch eine kurze Email gen\u00fcgen. Die optimale Beratung ist genauso wichtig wie die korrekte Ausf\u00fchrung der entprechenden Arbeiten. Unsere Beratung ist selbstverst\u00e4ndlich v\u00f6llig unverbindlich. Hochwertige Arbeit bei \u00fcberschaubaren Kosten: Wir empfehlen uns als spezialisiertes Fachunternehmen in Norddeutschland. Unsere gro\u00dfe Erfahrung spricht f\u00fcr uns.<br \/>\nVerringern Sie die Kosten f\u00fcr Ihr Sanierungsprojekt: Vertrauen Sie den Spezialisten der Firma Keul.<\/p>","popseo_links":"<a href=\"https:\/\/bautenschutz-keul.de\/angebote\/innenabdichtung-bardowick\/\">Innenabdichtung Bardowick<\/a>, <a href=\"https:\/\/bautenschutz-keul.de\/angebote\/feuchte-mauer-bergedorf-wentorf\/\">Feuchte Mauer Bergedorf Wentorf<\/a>, <a href=\"https:\/\/bautenschutz-keul.de\/angebote\/horizontalsperre-boizenburg\/\">Horizontalsperre Boizenburg<\/a>, <a href=\"https:\/\/bautenschutz-keul.de\/angebote\/aufsteigende-feuchtigkeit-bienenbuettel\/\">aufsteigende Feuchtigkeit Bienenb\u00fcttel<\/a>, <a href=\"https:\/\/bautenschutz-keul.de\/angebote\/feuchte-mauer-bispingen\/\">Feuchte Mauer Bispingen<\/a>, <a href=\"https:\/\/bautenschutz-keul.de\/angebote\/horizontalsperre-adendorf\/\">Horizontalsperre Adendorf<\/a>, <a href=\"https:\/\/bautenschutz-keul.de\/angebote\/feuchte-mauer-winsen-luhe\/\">Feuchte Mauer Winsen Luhe<\/a>, <a href=\"https:\/\/bautenschutz-keul.de\/angebote\/bauwerksabdichtung-glinde-sachsenwald\/\">Bauwerksabdichtung Glinde Sachsenwald<\/a>, <a href=\"https:\/\/bautenschutz-keul.de\/angebote\/schimmelbeseitigung-jesteburg\/\">Schimmelbeseitigung Jesteburg<\/a>, <a href=\"https:\/\/bautenschutz-keul.de\/angebote\/aufsteigende-feuchtigkeit-schwarzenbek\/\">aufsteigende Feuchtigkeit Schwarzenbek<\/a>, <a href=\"https:\/\/bautenschutz-keul.de\/angebote\/mauertrockenlegung-adendorf\/\">Mauertrockenlegung Adendorf<\/a>, <a href=\"https:\/\/bautenschutz-keul.de\/angebote\/feuchtigkeitsschaden-reppenstedt\/\">Feuchtigkeitsschaden Reppenstedt<\/a>, <a href=\"https:\/\/bautenschutz-keul.de\/angebote\/innenabdichtung-ebstorf\/\">Innenabdichtung Ebstorf<\/a>, <a href=\"https:\/\/bautenschutz-keul.de\/angebote\/aufsteigende-feuchtigkeit-buchholz-in-der-nordheide\/\">aufsteigende Feuchtigkeit Buchholz in der Nordheide<\/a>, <a href=\"https:\/\/bautenschutz-keul.de\/angebote\/schimmel-seevetal-rosengarten\/\">Schimmel Seevetal Rosengarten<\/a>, <a href=\"https:\/\/bautenschutz-keul.de\/angebote\/kellersanierung-amelinghausen\/\">Kellersanierung Amelinghausen<\/a>, <a href=\"https:\/\/bautenschutz-keul.de\/angebote\/schimmelbeseitigung-hanstedt\/\">Schimmelbeseitigung Hanstedt<\/a>, <a href=\"https:\/\/bautenschutz-keul.de\/angebote\/zerstoerter-putz-schwarzenbek\/\">zerst\u00f6rter Putz Schwarzenbek<\/a>, <a href=\"https:\/\/bautenschutz-keul.de\/angebote\/schimmel-reinbek-aumuehle\/\">Schimmel Reinbek Aum\u00fchle<\/a>, <a href=\"https:\/\/bautenschutz-keul.de\/angebote\/mauertrockenlegung-salzhausen\/\">Mauertrockenlegung Salzhausen<\/a>, <a href=\"https:\/\/bautenschutz-keul.de\/angebote\/feuchte-mauer-seevetal-rosengarten\/\">Feuchte Mauer Seevetal Rosengarten<\/a>, <a href=\"https:\/\/bautenschutz-keul.de\/angebote\/kellertrockenlegung-amelinghausen\/\">Kellertrockenlegung Amelinghausen<\/a>, <a href=\"https:\/\/bautenschutz-keul.de\/angebote\/schimmelsanierung-bardowick\/\">Schimmelsanierung Bardowick<\/a>, <a href=\"https:\/\/bautenschutz-keul.de\/angebote\/schimmelbeseitigung-amt-neuhaus\/\">Schimmelbeseitigung Amt Neuhaus<\/a>, <a href=\"https:\/\/bautenschutz-keul.de\/angebote\/rissverpressung-glinde-sachsenwald\/\">Rissverpressung Glinde Sachsenwald<\/a>, <a href=\"https:\/\/bautenschutz-keul.de\/angebote\/horizontalsperre-bad-bevensen\/\">Horizontalsperre Bad Bevensen<\/a>, <a href=\"https:\/\/bautenschutz-keul.de\/angebote\/kellerabdichtung-maschen\/\">Kellerabdichtung Maschen<\/a>, <a href=\"https:\/\/bautenschutz-keul.de\/angebote\/bauwerksabdichtung-brietlingen\/\">Bauwerksabdichtung Brietlingen<\/a>"},"_links":{"self":[{"href":"https:\/\/bautenschutz-keul.de\/angebote\/wp-json\/wp\/v2\/pages\/92","targetHints":{"allow":["GET"]}}],"collection":[{"href":"https:\/\/bautenschutz-keul.de\/angebote\/wp-json\/wp\/v2\/pages"}],"about":[{"href":"https:\/\/bautenschutz-keul.de\/angebote\/wp-json\/wp\/v2\/types\/page"}],"author":[{"embeddable":true,"href":"https:\/\/bautenschutz-keul.de\/angebote\/wp-json\/wp\/v2\/users\/1"}],"replies":[{"embeddable":true,"href":"https:\/\/bautenschutz-keul.de\/angebote\/wp-json\/wp\/v2\/comments?post=92"}],"version-history":[{"count":0,"href":"https:\/\/bautenschutz-keul.de\/angebote\/wp-json\/wp\/v2\/pages\/92\/revisions"}],"wp:attachment":[{"href":"https:\/\/bautenschutz-keul.de\/angebote\/wp-json\/wp\/v2\/media?parent=92"}],"curies":[{"name":"wp","href":"https:\/\/api.w.org\/{rel}","templated":true}]}}