{"id":93,"date":"2021-09-13T08:43:32","date_gmt":"2021-09-13T06:43:32","guid":{"rendered":"https:\/\/bautenschutz-keul.de\/angebote\/aussenabdichtung-bergedorf-wentorf\/"},"modified":"2021-09-13T08:43:32","modified_gmt":"2021-09-13T06:43:32","slug":"aussenabdichtung-bergedorf-wentorf","status":"publish","type":"page","link":"https:\/\/bautenschutz-keul.de\/angebote\/aussenabdichtung-bergedorf-wentorf\/","title":{"rendered":"Au\u00dfenabdichtung &#8211; Bergedorf Wentorf"},"content":{"rendered":"<h3>Au\u00dfenabdichtung: Wir helfen schnell und kompetent!<\/h3>\n<p>Ein nasser Keller kann die bauliche Substanz eines Bauwerkes ernstlich sch\u00e4digen.<br \/>\nInsbesondere von au\u00dfen einsickernde Feuchtigkeit ist ein Problem, dessen sich<br \/>\nImmobilieneigent\u00fcmer unbedingt annehmen sollten. In einer Vielzahl von F\u00e4llen ist die Au\u00dfenabdichtung das Mittel der Wahl. Sollte die Abdichtung von au\u00dfen einmal nicht m\u00f6glich sein, kann eine Innenabdichtung zum gew\u00fcnschten Ergebnis f\u00fchren. Die Abdichtung hat den Zweck, die Mauern von auf Dauer wasserundurchl\u00e4ssig zu machen. Mit der Au\u00dfenabdichtung schaffen Sie die Voraussetzung, Ihr Haus vor substanzbedrohenden Feuchtigkeitssch\u00e4den zu bewahren. Eine gro\u00dfe Anzahl von qualitativen Baustoffen steht f\u00fcr diesen Zweck zum Gebrauch bereit. Je nach Aufgabenstellung lassen sich f\u00fcr die Au\u00dfenabdichtung Bitumenbeschichtungen oder auch Putze und Dichtungsschl\u00e4mme verarbeiten. Auch bahnenf\u00f6rmige Abdichtungsprodukte zeitigen ausgezeichnete Ergebnisse. Bitumen ist eine Abdichtung auf Basis von Erd\u00f6l. Die extrem widerstandsf\u00e4hige Substanz wird in unterschiedlichen Auspr\u00e4gungen angeboten und an die Au\u00dfenw\u00e4nde aufgetragen.<\/p>\n<h3>Au\u00dfenabdichtung: Unser Unternehmen k\u00fcmmert sich darum!<\/h3>\n<p>Um den Sanierungsumfang zu zu sch\u00e4tzen sowie die geeigneten Methoden und Baustoffe auszuw\u00e4hlen, ist eine Sichtung unmittelbar am betroffenen Bauk\u00f6rper unbedingt notwendig. Erst wenn man die Ursachen und das Ausma\u00df der N\u00e4ssesch\u00e4den wei\u00df, kann man die notwendigen Mittel f\u00fcr eine Au\u00dfenabdichtung ermitteln.<\/p>\n","protected":false},"excerpt":{"rendered":"<p>Au\u00dfenabdichtung: Wir helfen schnell und kompetent! Ein nasser Keller kann die bauliche Substanz eines Bauwerkes ernstlich sch\u00e4digen. Insbesondere von au\u00dfen einsickernde Feuchtigkeit ist ein Problem, dessen sich Immobilieneigent\u00fcmer unbedingt annehmen sollten. In einer Vielzahl von F\u00e4llen ist die Au\u00dfenabdichtung das Mittel der Wahl. Sollte die Abdichtung von au\u00dfen einmal nicht m\u00f6glich sein, kann eine Innenabdichtung [&hellip;]<\/p>\n","protected":false},"author":1,"featured_media":0,"parent":0,"menu_order":0,"comment_status":"closed","ping_status":"closed","template":"","meta":{"footnotes":""},"class_list":["post-93","page","type-page","status-publish","hentry"],"meta_box":{"popseo_subtitel":"Die Firma TK-Geb\u00e4udetechnik Thorsten Keul ist Ihr erfahrener Experte f\u00fcr eine Au\u00dfenabdichtung im Raum Bergedorf Wentorf","popseo_subtitel2":"Au\u00dfenabdichtung durch den Fachbetrieb!","popseo_lasttitel":"Au\u00dfenabdichtung: Unsere Experten beantworten Ihre Fragen","popseo_region":"Bergedorf Wentorf","popseo_sachwort":"Au\u00dfenabdichtung","popseo_noupdate":"","popseo_einleitungstext":"<p>Sie haben sich mit der Bauwerksabdichtung besch\u00e4ftigt, weil Ihr Wohn- oder Gesch\u00e4ftshaus feuchte Geb\u00e4udebereiche aufweist und Sie nach M\u00f6glichkeiten einer professionellen und vor allem wirksamen Sanierung Ausschau halten. Prima, dass Sie unsere Website gefunden haben. Auf den folgenden Seiten d\u00fcrfen wir Ihnen einige Informationen zu unserem Leistungsspektrum geben. Sie lernen auf dieser Website unsere Firma etwas n\u00e4her kennen. <\/p>\n<p>Die Firma TK-Geb\u00e4udetechnik Thorsten Keul ist ein versierter und erfahrener Handwerksbetrieb mit Sitz in Brietlingen bei L\u00fcneburg. Bereits seit vielen Jahren sind wir Ihr Spezialist f\u00fcr alle Fragen rund um Geb\u00e4udeabdichtung. Wir setzen ausschlie\u00dflich effektive und praxisbew\u00e4hrte Sanierungsmethoden und -systeme ein. Als Sanierungsfachbetrieb schauen wir auf eine lange und intensive Berufserfahrung zur\u00fcck. Unsere versierten Fachkr\u00e4fte informieren Sie gerne im Detail.<\/p>","popseo_schlusstext":"<p>Gerne informieren wir Sie n\u00e4her \u00fcber unser T\u00e4tigkeitsspektrum. Wir zeigen Ihnen mit Vergn\u00fcgen auch ein paar Projekte, die Ihnen einen Einblick in unsere Unternehmenst\u00e4tigkeit geben.<br \/>\nWir sind f\u00fcr Sie da. Rufen Sie uns doch einfach einmal an oder senden Sie uns eine kurze E-Mail. Wir freuen uns auf Sie.<\/p>","popseo_stadttext":"<h3>Wir freuen uns \u00fcber Anfragen aus Bergedorf und Wentorf<\/h3>\n<p>Durch unsere Vertriebst\u00e4tigkeit haben wir uns einen guten \u00dcberblick \u00fcber die Architektur der Gemeinden und St\u00e4dte unseres Einzugsbereiches machen k\u00f6nnen. Nat\u00fcrlich geh\u00f6ren auch Bergedorf und Wentorf zu unserem unmittelbaren Vertriebsgebiet. Wir freuen uns darauf, mit Ihnen in Kontakt zu treten. <\/p>\n<h3>Einige Informationen \u00fcber Bergedorf und Wentorf:<h3>\n<p>Einstmals selbst\u00e4ndig z\u00e4hlt Bergedorf jetzt zur Freien und Hansestadt Hamburg. Der Stadtteil liegt im S\u00fcdosten der Hansestadt und grenzt an die schleswig-holsteinischen St\u00e4dte Wentorf und Reinbek. In Bergedorf wohnen knapp 42.000 Einwohner auf einer Fl\u00e4che von 11 Quadratkilometern. Auch wenn Bergedorf bereits seit dem 01. Januar 1938 keine Autonomie mehr besitzt, hat sich der Stadtteil trotzdem eine gewisse Originalit\u00e4t bewahrt. Fast m\u00f6chte man sagen, Bergedorf w\u00e4re eine Art Stadt in der Stadt. Zum Verwaltungsbezirk Bergedorf z\u00e4hlen in Summe 14 Stadtteile. Die gr\u00f6\u00dften Stadtteile sind: Allerm\u00f6he, Billwerder, Lohbr\u00fcgge, Moorfleet, Curslack, Neuallerm\u00f6he, Altengamme, Kirchwerder, Ochsenwerder und Neuengamme. Oftmals hinzu gerechnet wird auch Wentorf. Das ist allerdings nicht ganz richtig, da Wentorf zum schleswig-holsteinischen Landkreis Herzogtum Lauenburg z\u00e4hlt.  <\/p>\n<p>In Bergedorf zu wohnen hei\u00dft, die Annehmlichkeiten der Metropole zu genie\u00dfen ohne dabei auf kleinst\u00e4dtischen Charme zu verzichten. Die Wohnviertel von Bergedorf sind gekennzeichnet von Einzel- oder Mehrfamilienhausbebauung. Gr\u00f6\u00dfere Wohneinheiten entdeckt man in Bergedorf vor allem in der N\u00e4he des Zentrums. Die Infrastruktur kann sich sehen lassen: In der City von Bergedorf finden sich sehr gute Shoppingm\u00f6glichkeiten. <\/p>\n<h3>Bergedorf und Wentorf haben Charme!<\/h3>\n<p>Ob in den Einkaufspassagen oder in der Fu\u00dfg\u00e4ngerzone: In Bergedorf l\u00e4sst es sich ohne Frage herrlich bummeln. Und wer danach Lust auf ein wenig Entspannung hat, macht Halt in einem der zahlreichen lauschigen Restaurants und Caf\u00e9s. Bergedorf ist an den HVV angebunden. Mit der S-Bahnlinie S2 erreicht man den Hamburg Hauptbahnhof in weniger als 25 Minuten. Auch mit dem PKW kommt man z\u00fcgig nach Bergedorf: \u00dcber die B 207 und 5 gelangt man direkt ins Stadtgebiet. Die Menschen aus Bergedorf genie\u00dft besonders den ausgewogenen Mix ihres Stadtteils. Eine wachstumsorientierte Wirtschaft, die nahegelegenen Naturgebiete sowie die gro\u00dfz\u00fcgigen Freizeit- und Kulturangebote machen Bergedorf zu einer Wohnstatt mit besonders hoher Lebensqualit\u00e4t.<\/p>\n<p>Auch Wentorf grenzt unmittelbar an Bergedorf, die \u00dcberg\u00e4nge sind nahezu flie\u00dfend. Als attraktives Wohnquartier ist Wentorf speziell bei Pendlern beliebt. Eine ausgezeichnete Infrastruktur, die N\u00e4he zur Gro\u00dfstadt und eine sehr gute Verkehrsanbindung sprechen f\u00fcr Wentorf. <\/p>\n<h4>Wir f\u00fcr Sie in Bergedorf und Wentorf!<\/h4>\n<p>Wir finden es klasse, dass Sie unsere Internetseite gefunden haben. Ob Wentorf oder Bergedorf: Unser Fachunternehmen steht f\u00fcr ein sehr gutes Preis-Leistungs-Verh\u00e4ltnis. Sie m\u00f6chten mehr \u00fcber uns erfahren? F\u00fcr R\u00fcckfragen stehen wir Ihnen jederzeit zur Verf\u00fcgung. Auf Ihre Anfragen freuen wir uns.<\/p>","popseo_zusatztext":"<h3>Hochwertige Sanierung, faire Kosten!<\/h3>\n<p>Sie sind interessiert an Trocknungs- oder Sanierungsarbeiten und w\u00fcnschen sich ein entsprechendes Angebot, das eine handwerklich gute Arbeit garantiert, gleichwohl die Kosten im Blick hat. Toll, dann sind Sie bei uns an der richtigen Adresse. Als Spezialist f\u00fcr Bauwerksabdichtung, Schimmelbeseitigung und Kellersanierung verarbeiten wir ausnahmslos ausgezeichnete Materialien. Trotzdem schauen wir stets auf die Kosten, die nat\u00fcrlich nicht zu hoch sein sollen. Wir m\u00f6chten Ihnen beste Qualit\u00e4t bieten, die gleichzeitig auch die Kosten im Blick beh\u00e4lt. Bei uns stimmen Kosten und Qualit\u00e4t: Bereits seit vielen Jahren sind wir Ihr erfahrener Partner f\u00fcr Sanierungs- und Trocknungsarbeiten in Norddeutschland. Unser Firmensitz befindet sich verkehrsg\u00fcnstig in Brietlingen bei L\u00fcndeburg. Die Kosten stets vor Augen: Wir stehen f\u00fcr eine professionell durchgef\u00fchrte Arbeit nach dem jeweils aktuellsten Stand der Technik.<\/p>\n<h3>Die Kosten stets vor Augen<\/h3>\n<p>D\u00fcrfen wir Sie beraten, wie Sie die Kosten f\u00fcr eine Sanierung begrenzen k\u00f6nnen? Prima, dann warten Sie bitte nicht und nehmen am besten gleich heute Kontakt mit uns auf. Ein kurzer Anruf oder auch eine kurze eMail gen\u00fcgen. Die fachlich versierte Beratung ist genauso wichtig wie die sachgem\u00e4\u00dfe Ausf\u00fchrung der entsprechenden T\u00e4tigkeiten. Unsere fachliche Beratung ist nat\u00fcrlich v\u00f6llig unverbindlich. Qualit\u00e4tsbewusst bei niedrigen Kosten: Wir empfehlen uns als spezialisiertes Fachunternehmen in Norddeutschland. Unsere jahrelange Erfahrung spricht f\u00fcr uns.<br \/>\nSenken Sie die Kosten f\u00fcr Ihr Sanierungsprojekt: Vertrauen Sie den Spezialisten der Firma Keul.<\/p>","popseo_links":"<a href=\"https:\/\/bautenschutz-keul.de\/angebote\/feuchte-mauer-winsen-luhe\/\">Feuchte Mauer Winsen Luhe<\/a>, <a href=\"https:\/\/bautenschutz-keul.de\/angebote\/schimmelsanierung-seevetal-rosengarten\/\">Schimmelsanierung Seevetal Rosengarten<\/a>, <a href=\"https:\/\/bautenschutz-keul.de\/angebote\/aufsteigende-feuchtigkeit-jesteburg\/\">aufsteigende Feuchtigkeit Jesteburg<\/a>, <a href=\"https:\/\/bautenschutz-keul.de\/angebote\/schimmel-brietlingen\/\">Schimmel Brietlingen<\/a>, <a href=\"https:\/\/bautenschutz-keul.de\/angebote\/feuchte-wand-seevetal-rosengarten\/\">Feuchte Wand Seevetal Rosengarten<\/a>, <a href=\"https:\/\/bautenschutz-keul.de\/angebote\/kellerabdichtung-bienenbuettel\/\">Kellerabdichtung Bienenb\u00fcttel<\/a>, <a href=\"https:\/\/bautenschutz-keul.de\/angebote\/aufsteigende-feuchtigkeit-bienenbuettel\/\">aufsteigende Feuchtigkeit Bienenb\u00fcttel<\/a>, <a href=\"https:\/\/bautenschutz-keul.de\/angebote\/schimmel-herzogtum-lauenburg\/\">Schimmel Herzogtum Lauenburg<\/a>, <a href=\"https:\/\/bautenschutz-keul.de\/angebote\/kellertrockenlegung-buchholz-in-der-nordheide\/\">Kellertrockenlegung Buchholz in der Nordheide<\/a>, <a href=\"https:\/\/bautenschutz-keul.de\/angebote\/feuchter-keller-harburg\/\">Feuchter Keller Harburg<\/a>, <a href=\"https:\/\/bautenschutz-keul.de\/angebote\/feuchtigkeit-reppenstedt\/\">Feuchtigkeit Reppenstedt<\/a>, <a href=\"https:\/\/bautenschutz-keul.de\/angebote\/salpeter-im-keller-glinde-sachsenwald\/\">Salpeter im Keller Glinde Sachsenwald<\/a>, <a href=\"https:\/\/bautenschutz-keul.de\/angebote\/kellersanierung-ebstorf\/\">Kellersanierung Ebstorf<\/a>, <a href=\"https:\/\/bautenschutz-keul.de\/angebote\/kellertrockenlegung-boizenburg\/\">Kellertrockenlegung Boizenburg<\/a>, <a href=\"https:\/\/bautenschutz-keul.de\/angebote\/kellerabdichtung-glinde-sachsenwald\/\">Kellerabdichtung Glinde Sachsenwald<\/a>, <a href=\"https:\/\/bautenschutz-keul.de\/angebote\/feuchte-wand-tostedt-sittensen\/\">Feuchte Wand Tostedt Sittensen<\/a>, <a href=\"https:\/\/bautenschutz-keul.de\/angebote\/feuchtigkeitsschaden-bardowick\/\">Feuchtigkeitsschaden Bardowick<\/a>, <a href=\"https:\/\/bautenschutz-keul.de\/angebote\/kellersanierung-winsen-luhe\/\">Kellersanierung Winsen Luhe<\/a>, <a href=\"https:\/\/bautenschutz-keul.de\/angebote\/kellersanierung-bienenbuettel\/\">Kellersanierung Bienenb\u00fcttel<\/a>, <a href=\"https:\/\/bautenschutz-keul.de\/angebote\/schimmel-glinde-sachsenwald\/\">Schimmel Glinde Sachsenwald<\/a>, <a href=\"https:\/\/bautenschutz-keul.de\/angebote\/schimmelsanierung-bad-bevensen\/\">Schimmelsanierung Bad Bevensen<\/a>, <a href=\"https:\/\/bautenschutz-keul.de\/angebote\/feuchte-wand-salzhausen\/\">Feuchte Wand Salzhausen<\/a>, <a href=\"https:\/\/bautenschutz-keul.de\/angebote\/aufsteigende-feuchtigkeit-herzogtum-lauenburg\/\">aufsteigende Feuchtigkeit Herzogtum Lauenburg<\/a>, <a href=\"https:\/\/bautenschutz-keul.de\/angebote\/feuchtigkeit-schwarzenbek\/\">Feuchtigkeit Schwarzenbek<\/a>, <a href=\"https:\/\/bautenschutz-keul.de\/angebote\/schimmelbeseitigung-buechen\/\">Schimmelbeseitigung B\u00fcchen<\/a>, <a href=\"https:\/\/bautenschutz-keul.de\/angebote\/schimmelbeseitigung-reinbek-aumuehle\/\">Schimmelbeseitigung Reinbek Aum\u00fchle<\/a>, <a href=\"https:\/\/bautenschutz-keul.de\/angebote\/innenabdichtung-herzogtum-lauenburg\/\">Innenabdichtung Herzogtum Lauenburg<\/a>, <a href=\"https:\/\/bautenschutz-keul.de\/angebote\/bauwerksabdichtung-bienenbuettel\/\">Bauwerksabdichtung Bienenb\u00fcttel<\/a>"},"_links":{"self":[{"href":"https:\/\/bautenschutz-keul.de\/angebote\/wp-json\/wp\/v2\/pages\/93","targetHints":{"allow":["GET"]}}],"collection":[{"href":"https:\/\/bautenschutz-keul.de\/angebote\/wp-json\/wp\/v2\/pages"}],"about":[{"href":"https:\/\/bautenschutz-keul.de\/angebote\/wp-json\/wp\/v2\/types\/page"}],"author":[{"embeddable":true,"href":"https:\/\/bautenschutz-keul.de\/angebote\/wp-json\/wp\/v2\/users\/1"}],"replies":[{"embeddable":true,"href":"https:\/\/bautenschutz-keul.de\/angebote\/wp-json\/wp\/v2\/comments?post=93"}],"version-history":[{"count":0,"href":"https:\/\/bautenschutz-keul.de\/angebote\/wp-json\/wp\/v2\/pages\/93\/revisions"}],"wp:attachment":[{"href":"https:\/\/bautenschutz-keul.de\/angebote\/wp-json\/wp\/v2\/media?parent=93"}],"curies":[{"name":"wp","href":"https:\/\/api.w.org\/{rel}","templated":true}]}}