{"id":96,"date":"2021-09-13T08:43:32","date_gmt":"2021-09-13T06:43:32","guid":{"rendered":"https:\/\/bautenschutz-keul.de\/angebote\/aussenabdichtung-boizenburg\/"},"modified":"2021-09-13T08:43:32","modified_gmt":"2021-09-13T06:43:32","slug":"aussenabdichtung-boizenburg","status":"publish","type":"page","link":"https:\/\/bautenschutz-keul.de\/angebote\/aussenabdichtung-boizenburg\/","title":{"rendered":"Au\u00dfenabdichtung &#8211; Boizenburg"},"content":{"rendered":"<h3>Au\u00dfenabdichtung: Unsere Mitarbeiter stehen f\u00fcr Sie bereit!<\/h3>\n<p>Ein nasser Keller kann die bauliche Substanz eines Bauwerkes folgenschwer beeintr\u00e4chtigen.<br \/>\nInsbesondere von au\u00dfen einsickernde N\u00e4sse ist ein Thema, welchem sich<br \/>\nHausbesitzer dringend annehmen sollten. In einer Vielzahl von F\u00e4llen ist die Au\u00dfenabdichtung das Mittel der Wahl. Sollte die Abdichtung von au\u00dfen einmal nicht m\u00f6glich sein, kann eine Innenabdichtung zum gew\u00fcnschten Ergebnis f\u00fchren. Die Abdichtung hat den Zweck, die W\u00e4nde von auf Dauer wasserundurchl\u00e4ssig zu machen. Mit der Au\u00dfenabdichtung schaffen Sie die Voraussetzung, Ihre Immobilie vor substanzgef\u00e4hrdenden Feuchtigkeitssch\u00e4den zu bewahren. Eine gro\u00dfe Anzahl von qualitativen Baustoffen steht daf\u00fcr zum Gebrauch bereit. Je nach Anwendungsfall lassen sich f\u00fcr die Au\u00dfenabdichtung Bitumenbeschichtungen oder auch Dichtungsschl\u00e4mme und Putze verarbeiten. Auch bahnenf\u00f6rmige Abdichtungsprodukte zeitigen gute Ergebnisse. Bitumen ist eine Abdichtung auf Basis von Erd\u00f6l. Die extrem haltbare Masse wird in verschiedenen Auspr\u00e4gungen angeboten und an die Au\u00dfenw\u00e4nde aufgetragen.<\/p>\n<h3>Au\u00dfenabdichtung: Unser Unternehmen k\u00fcmmert sich darum!<\/h3>\n<p>Um den Sanierungsumfang zu zu sch\u00e4tzen sowie die geeigneten Baustoffe und Methoden auszuw\u00e4hlen, ist eine Analyse unmittelbar am jeweiligen Wohn- oder Gesch\u00e4ftsgeb\u00e4ude unbedingt von N\u00f6ten. Nur wenn man die Ursachen und das Ausma\u00df der Durchfeuchtungen wei\u00df, kann man die entsprechenden Mittel f\u00fcr eine Au\u00dfenabdichtung ermitteln.<\/p>\n","protected":false},"excerpt":{"rendered":"<p>Au\u00dfenabdichtung: Unsere Mitarbeiter stehen f\u00fcr Sie bereit! Ein nasser Keller kann die bauliche Substanz eines Bauwerkes folgenschwer beeintr\u00e4chtigen. Insbesondere von au\u00dfen einsickernde N\u00e4sse ist ein Thema, welchem sich Hausbesitzer dringend annehmen sollten. In einer Vielzahl von F\u00e4llen ist die Au\u00dfenabdichtung das Mittel der Wahl. Sollte die Abdichtung von au\u00dfen einmal nicht m\u00f6glich sein, kann eine [&hellip;]<\/p>\n","protected":false},"author":1,"featured_media":0,"parent":0,"menu_order":0,"comment_status":"closed","ping_status":"closed","template":"","meta":{"footnotes":""},"class_list":["post-96","page","type-page","status-publish","hentry"],"meta_box":{"popseo_subtitel":"Wir sind Ihr Spezialist f\u00fcr eine Au\u00dfenabdichtung in Boizenburg","popseo_subtitel2":"Au\u00dfenabdichtung - wir beraten Sie individuell und fachkundig!","popseo_lasttitel":"Au\u00dfenabdichtung: Unsere Experten beantworten Ihre Fragen","popseo_region":"Boizenburg","popseo_sachwort":"Au\u00dfenabdichtung","popseo_noupdate":"","popseo_einleitungstext":"<p>Sie haben sich mit der Bauwerksabdichtung auseinandergesetzt, weil Ihre Immobilie feuchte Geb\u00e4udeteile aufweist und Sie nach M\u00f6glichkeiten einer wirkungsvollen und professionellen Sanierung Ausschau halten. Toll, dass Sie unsere Website entdeckt haben. Auf den folgenden Seiten m\u00f6chten wir Ihnen n\u00e4here Informationen zu unserem Leistungsangebot geben. Sie lernen auf dieser Internetseite unsere Firma etwas n\u00e4her kennen. <\/p>\n<p>Die Firma TK-Geb\u00e4udetechnik Thorsten Keul ist ein versierter und etablierter Handwerksbetrieb mit Firmensitz in Brietlingen bei L\u00fcneburg. Seit vielen Jahren schon sind wir Ihr Spezialist f\u00fcr alle auftretenden Fragen rund um Geb\u00e4udeabdichtung. Wir setzen ausschlie\u00dflich praxisbew\u00e4hrte und effektive Sanierungsmethoden und -systeme ein. Als Sanierungsfachbetrieb schauen wir auf eine lange und intensive Berufserfahrung zur\u00fcck. Unsere freundlichen Fachleute informieren Sie mit Vergn\u00fcgen im Detail.<\/p>","popseo_schlusstext":"<p>Sie suchen einen Experten f\u00fcr die sachgerechte Umsetzung der Innen- und Au\u00dfenabdichtung. Dann rufen Sie uns bitte rasch an. Wir freuen uns auf das Gespr\u00e4ch mit Ihnen. Wenn es um Sanierung geht, sind wir Ihr verl\u00e4sslicher Handwerkspartner. Wir bieten Ihnen eine professionell durchgef\u00fchrte Arbeit nach dem stets aktuellsten Stand der Technik.<\/p>","popseo_stadttext":"<h3>Wohn- und Gewerbestandorte Boizenburg<\/h3>\n<p>Unser Einzugsgebiet umfasst auch Boizenburg. Durch unsere Gesch\u00e4ftst\u00e4tigkeit haben wir uns einen guten \u00dcberblick \u00fcber die Architektur der Gemeinden und St\u00e4dte unseres Vertriebsgebietes machen k\u00f6nnen. Wir f\u00fchlen uns der Region verpflichtet und freuen uns dar\u00fcber, auch einen Teil zur guten Infrastruktur der Stadt Boizenburg beisteuern zu d\u00fcrfen.  <\/p>\n<h3>Einige Details zu Boizenburg<\/h3>\n<p>Die Stadt Boizenburg befindet sich im Landkreis Ludwigslust-Parchim in Mecklenburg-Vorpommern. In Boizenburg leben etwa 10.000 B\u00fcrger auf einer Gesamtfl\u00e4che von 47 Quadratkilometer. Die Ortsbezeichnung Boizenburg leitet sich ab vom Fluss Boitze. Dieser flie\u00dft unmittelbar durch das Gemeindegebiet. Etwas bekannter d\u00fcrfte jedoch sein, dass Boizenburg an der Elbe liegt. Boizenburg teilt sich auf in insgesamt f\u00fcnf Ortsteile. Dies sind Bahlen, Bahlenburg, Gehrum, Gothmann und Heide. <\/p>\n<p>Boizenburg ist eine verh\u00e4ltnism\u00e4\u00dfig alte Ortschaft. Erstmalig erw\u00e4hnt wurde die Region bereits anno 1171. W\u00e4hrend der DDR-Diktatur war Boizenburg weitgehend abgeschieden. Die ehemalige Deutsch-Deutsche-Grenze verlief unmittelbar entlang des Stadtareals von Boizenburg. Seinerzeit war Boizenburg Sperrgebiet. B\u00fcrger und Besucher der Stadt brauchten in damaliger Zeit einen speziellen Passierschein. Eine Schm\u00e4lerung der individuellen Freiheit, die jetzt Gott sei Dank nur noch schwer nachvollziehbar ist. <\/p>\n<h3>Wir kennen uns aus in Boizenburg<\/h3>\n<p>Nach dem Zusammenschluss der beiden deutschen Staaten bl\u00fchte Boizenburg massiv auf. Der historische Stadtkern wurde grundsaniert. Auch der kleine Elbhafen wurde umfangreich neu gestaltet. Aktuell ist Boizenburg eine sch\u00f6n gelegene Kleinstadt, die ihren Einwohnern ein sehr gutes Umfeld bietet. Das innerst\u00e4dtische Areal von Boizenburg wird von einer mittelalterlichen Wallanlage dominiert. Zahllose Fachwerkbauten runden das Stadtbild ab. Besonders auff\u00e4llig ist auch das Rathaus Boizenburg - das h\u00fcbsche Fachwerkhaus wurde 1711 erbaut. Au\u00dferdem pr\u00e4gt speziell die Sankt Marien Kirche das Erscheinungsbild der mecklenburgischen Ortschaft.<\/p>\n<p>Die Wirtschaft von Boizenburg ist gepr\u00e4gt von mittelst\u00e4ndischen Betrieben. Reichlich 50 Hektar Gewerbegrund steht in Boizenburg zur Verf\u00fcgung. Eine Erweiterung ist in Planung. F\u00fcr junge Familien ist Boizenburg als Wohnort von Interesse. Das Kultur- und Sportangebot \u00fcberzeugt durch seine Vielf\u00e4ltigkeit. Schulische Einrichtungen jeder Art sowie Kinderhorts sind in befriedigender Zahl vorhanden.  <\/p>\n<h4>Unsere Leistung f\u00fcr qualit\u00e4tsbewusste Kunden aus Boizenburg<\/h4>\n<p>Klasse, dass Sie unsere Internetseite entdeckt haben. Wenn Sie ein Fachunternehmen ben\u00f6tigen, sind Sie bei uns genau richtig. Sie m\u00f6chten mehr \u00fcber uns wissen? F\u00fcr R\u00fcckfragen stehen wir Ihnen jederzeit zur Verf\u00fcgung. Unser freundliches Team freut sich auf Sie.<\/p>","popseo_zusatztext":"<h3>Hohe Kosten bei der Bauwerksabdichtung m\u00fcssen nicht sein<\/h3>\n<p>Sie sind interessiert an Trocknungs- oder Sanierungsarbeiten und m\u00f6chten gerne ein entsprechendes Angebot, das eine handwerklich gute Arbeit garantiert, gleichzeitig aber keine hohen Kosten verursacht. Prima, dann sind Sie bei uns genau richtig. Als Fachbetrieb f\u00fcr Bauwerksabdichtung, Kellersanierung und Schimmelbeseitigung verarbeiten wir ausnahmslos hochwertige Materialien. Nichtsdestotrotz achten wir nat\u00fcrlich auf die Kosten, die selbstverst\u00e4ndlich \u00fcberschaubar bleiben sollen. Wir m\u00f6chten Ihnen Qualit\u00e4t bieten, die zugleich auch die Kosten im Blick hat. Bei uns stimmen Kosten und Leistung: Bereits seit vielen Jahren sind wir Ihr qualifizierter Fachbetrieb f\u00fcr Sanierungs- und Trocknungsarbeiten in Norddeutschland. Unser Unternehmenssitz liegt verkehrsg\u00fcnstig in Brietlingen bei L\u00fcndeburg. Die Kosten stets im Blick: Wir versprechen Ihnen eine fachkundig ausgef\u00fchrte Sanierungsarbeit nach dem immer derzeitigen Stand der Technik.<\/p>\n<h3>Die Kosten stets vor Augen<\/h3>\n<p>D\u00fcrfen wir Sie informieren, wie Sie die Kosten f\u00fcr eine Sanierung begrenzen k\u00f6nnen? Toll, dann z\u00f6gern Sie bitte nicht und nehmen am besten noch heute Verbindung mit uns auf. Ein kurzer Telefonanruf oder auch eine schnelle Mail gen\u00fcgen. Eine fachm\u00e4nnische Beratung ist gleicherma\u00dfen wichtig wie die perfekte Ausf\u00fchrung der entsprechenden T\u00e4tigkeiten. Unsere fachliche Beratung ist nat\u00fcrlich absolut unverbindlich. Hochwertige Arbeit bei niedrigen Kosten: Wir empfehlen uns als spezialisiertes Fachunternehmen im Norden. Unsere langj\u00e4hrige Erfahrung spricht f\u00fcr uns.<br \/>\nVerringern Sie die Kosten f\u00fcr Ihre Geb\u00e4udesanierung: Vertrauen Sie den Spezialisten der Firma Keul.<\/p>","popseo_links":"<a href=\"https:\/\/bautenschutz-keul.de\/angebote\/horizontalsperre-reinbek-aumuehle\/\">Horizontalsperre Reinbek Aum\u00fchle<\/a>, <a href=\"https:\/\/bautenschutz-keul.de\/angebote\/aufsteigende-feuchtigkeit-hanstedt\/\">aufsteigende Feuchtigkeit Hanstedt<\/a>, <a href=\"https:\/\/bautenschutz-keul.de\/angebote\/bauwerksabdichtung-herzogtum-lauenburg\/\">Bauwerksabdichtung Herzogtum Lauenburg<\/a>, <a href=\"https:\/\/bautenschutz-keul.de\/angebote\/schimmelbeseitigung-seevetal-rosengarten\/\">Schimmelbeseitigung Seevetal Rosengarten<\/a>, <a href=\"https:\/\/bautenschutz-keul.de\/angebote\/salpeter-im-keller-reinbek-aumuehle\/\">Salpeter im Keller Reinbek Aum\u00fchle<\/a>, <a href=\"https:\/\/bautenschutz-keul.de\/angebote\/feuchte-wand-jesteburg\/\">Feuchte Wand Jesteburg<\/a>, <a href=\"https:\/\/bautenschutz-keul.de\/angebote\/zerstoerter-putz-buechen\/\">zerst\u00f6rter Putz B\u00fcchen<\/a>, <a href=\"https:\/\/bautenschutz-keul.de\/angebote\/feuchter-keller-geesthacht\/\">Feuchter Keller Geesthacht<\/a>, <a href=\"https:\/\/bautenschutz-keul.de\/angebote\/kellertrockenlegung-geesthacht\/\">Kellertrockenlegung Geesthacht<\/a>, <a href=\"https:\/\/bautenschutz-keul.de\/angebote\/schimmelsanierung-bienenbuettel\/\">Schimmelsanierung Bienenb\u00fcttel<\/a>, <a href=\"https:\/\/bautenschutz-keul.de\/angebote\/schimmel-reinbek-aumuehle\/\">Schimmel Reinbek Aum\u00fchle<\/a>, <a href=\"https:\/\/bautenschutz-keul.de\/angebote\/schimmel-adendorf\/\">Schimmel Adendorf<\/a>, <a href=\"https:\/\/bautenschutz-keul.de\/angebote\/kellersanierung-reppenstedt\/\">Kellersanierung Reppenstedt<\/a>, <a href=\"https:\/\/bautenschutz-keul.de\/angebote\/zerstoerter-putz-harburg\/\">zerst\u00f6rter Putz Harburg<\/a>, <a href=\"https:\/\/bautenschutz-keul.de\/angebote\/feuchte-wand-herzogtum-lauenburg\/\">Feuchte Wand Herzogtum Lauenburg<\/a>, <a href=\"https:\/\/bautenschutz-keul.de\/angebote\/schimmel-buchholz-in-der-nordheide\/\">Schimmel Buchholz in der Nordheide<\/a>, <a href=\"https:\/\/bautenschutz-keul.de\/angebote\/kellersanierung-brietlingen\/\">Kellersanierung Brietlingen<\/a>, <a href=\"https:\/\/bautenschutz-keul.de\/angebote\/salpeter-im-keller-harburg\/\">Salpeter im Keller Harburg<\/a>, <a href=\"https:\/\/bautenschutz-keul.de\/angebote\/feuchtigkeitsschaden-glinde-sachsenwald\/\">Feuchtigkeitsschaden Glinde Sachsenwald<\/a>, <a href=\"https:\/\/bautenschutz-keul.de\/angebote\/innenabdichtung-bienenbuettel\/\">Innenabdichtung Bienenb\u00fcttel<\/a>, <a href=\"https:\/\/bautenschutz-keul.de\/angebote\/feuchtigkeitsschaden-seevetal-rosengarten\/\">Feuchtigkeitsschaden Seevetal Rosengarten<\/a>, <a href=\"https:\/\/bautenschutz-keul.de\/angebote\/rissverpressung-maschen\/\">Rissverpressung Maschen<\/a>, <a href=\"https:\/\/bautenschutz-keul.de\/angebote\/zerstoerter-putz-adendorf\/\">zerst\u00f6rter Putz Adendorf<\/a>, <a href=\"https:\/\/bautenschutz-keul.de\/angebote\/zerstoerter-putz-boizenburg\/\">zerst\u00f6rter Putz Boizenburg<\/a>, <a href=\"https:\/\/bautenschutz-keul.de\/angebote\/feuchtigkeit-schwarzenbek\/\">Feuchtigkeit Schwarzenbek<\/a>, <a href=\"https:\/\/bautenschutz-keul.de\/angebote\/mauertrockenlegung-hanstedt\/\">Mauertrockenlegung Hanstedt<\/a>, <a href=\"https:\/\/bautenschutz-keul.de\/angebote\/schimmelbeseitigung-glinde-sachsenwald\/\">Schimmelbeseitigung Glinde Sachsenwald<\/a>, <a href=\"https:\/\/bautenschutz-keul.de\/angebote\/kellerabdichtung-lueneburg\/\">Kellerabdichtung L\u00fcneburg<\/a>"},"_links":{"self":[{"href":"https:\/\/bautenschutz-keul.de\/angebote\/wp-json\/wp\/v2\/pages\/96","targetHints":{"allow":["GET"]}}],"collection":[{"href":"https:\/\/bautenschutz-keul.de\/angebote\/wp-json\/wp\/v2\/pages"}],"about":[{"href":"https:\/\/bautenschutz-keul.de\/angebote\/wp-json\/wp\/v2\/types\/page"}],"author":[{"embeddable":true,"href":"https:\/\/bautenschutz-keul.de\/angebote\/wp-json\/wp\/v2\/users\/1"}],"replies":[{"embeddable":true,"href":"https:\/\/bautenschutz-keul.de\/angebote\/wp-json\/wp\/v2\/comments?post=96"}],"version-history":[{"count":0,"href":"https:\/\/bautenschutz-keul.de\/angebote\/wp-json\/wp\/v2\/pages\/96\/revisions"}],"wp:attachment":[{"href":"https:\/\/bautenschutz-keul.de\/angebote\/wp-json\/wp\/v2\/media?parent=96"}],"curies":[{"name":"wp","href":"https:\/\/api.w.org\/{rel}","templated":true}]}}