{"id":98,"date":"2021-09-13T08:43:32","date_gmt":"2021-09-13T06:43:32","guid":{"rendered":"https:\/\/bautenschutz-keul.de\/angebote\/aussenabdichtung-buchholz-in-der-nordheide\/"},"modified":"2021-09-13T08:43:32","modified_gmt":"2021-09-13T06:43:32","slug":"aussenabdichtung-buchholz-in-der-nordheide","status":"publish","type":"page","link":"https:\/\/bautenschutz-keul.de\/angebote\/aussenabdichtung-buchholz-in-der-nordheide\/","title":{"rendered":"Au\u00dfenabdichtung &#8211; Buchholz in der Nordheide"},"content":{"rendered":"<h3>Au\u00dfenabdichtung: Unsere Mitarbeiter stehen f\u00fcr Sie bereit!<\/h3>\n<p>Ein feuchter Keller kann die Bausubstanz eines Bauwerkes ernstlich sch\u00e4digen.<br \/>\nInsbesondere von au\u00dfen einsickernde Feuchtigkeit ist ein Problem, dessen sich<br \/>\nHausbesitzer dringend annehmen sollten. In der Regel ist die Au\u00dfenabdichtung eine geeignete Methode. Sollte die Abdichtung von au\u00dfen aus baulichen Gr\u00fcnden nicht m\u00f6glich sein, kann eine Innenabdichtung vorgenommen werden. Die Abdichtung verfolgt den Zweck, die Mauern von auf Dauer wasserundurchl\u00e4ssig zu machen. Mit der Au\u00dfenabdichtung schaffen Sie die Grundlage, Ihr Geb\u00e4ude vor substanzgef\u00e4hrdenden Feuchtigkeitssch\u00e4den zu bewahren. Eine gro\u00dfe Anzahl von hochwertigen Baustoffen steht hierf\u00fcr zur Verf\u00fcgung. Je nach Anwendungsfall lassen sich f\u00fcr die Au\u00dfenabdichtung Bitumenbeschichtungen oder auch Dichtungsschl\u00e4mme und Putze verarbeiten. Auch bahnenf\u00f6rmige Abdichtungsprodukte zeitigen ausgezeichnete Ergebnisse. Bitumen ist eine Abdichtung auf Basis von Erd\u00f6l. Die au\u00dfergew\u00f6hnlich haltbare Substanz wird in mehreren Auspr\u00e4gungen angeboten und an die Au\u00dfenw\u00e4nde aufgetragen.<\/p>\n<h3>Au\u00dfenabdichtung: Unser Unternehmen k\u00fcmmert sich darum!<\/h3>\n<p>Um den Sanierungsaufwand zu definieren sowie die geeigneten Methoden und Baustoffe auszuw\u00e4hlen, ist eine Analyse unmittelbar am jeweiligen Wohn- oder Gesch\u00e4ftsgeb\u00e4ude unbedingt von N\u00f6ten. Erst wenn man die Ursachen und das Ausma\u00df der Feuchtigkeitssch\u00e4den kennt, kann man die notwendigen Ma\u00dfnahmen f\u00fcr eine Au\u00dfenabdichtung ermitteln.<\/p>\n","protected":false},"excerpt":{"rendered":"<p>Au\u00dfenabdichtung: Unsere Mitarbeiter stehen f\u00fcr Sie bereit! Ein feuchter Keller kann die Bausubstanz eines Bauwerkes ernstlich sch\u00e4digen. Insbesondere von au\u00dfen einsickernde Feuchtigkeit ist ein Problem, dessen sich Hausbesitzer dringend annehmen sollten. In der Regel ist die Au\u00dfenabdichtung eine geeignete Methode. Sollte die Abdichtung von au\u00dfen aus baulichen Gr\u00fcnden nicht m\u00f6glich sein, kann eine Innenabdichtung vorgenommen [&hellip;]<\/p>\n","protected":false},"author":1,"featured_media":0,"parent":0,"menu_order":0,"comment_status":"closed","ping_status":"closed","template":"","meta":{"footnotes":""},"class_list":["post-98","page","type-page","status-publish","hentry"],"meta_box":{"popseo_subtitel":"Die Firma TK-Geb\u00e4udetechnik Thorsten Keul ist Ihr erfahrener Fachbetrieb f\u00fcr eine Au\u00dfenabdichtung in Buchholz in der Nordheide","popseo_subtitel2":"Au\u00dfenabdichtung - unsere Fachleute beraten Sie gerne","popseo_lasttitel":"Au\u00dfenabdichtung: D\u00fcrfen wir Ihre Fragen beantworten?","popseo_region":"Buchholz in der Nordheide","popseo_sachwort":"Au\u00dfenabdichtung","popseo_noupdate":"","popseo_einleitungstext":"<p>Wenn es um Geb\u00e4udeabdichtung geht, sind Sie bei der Firma TK-Geb\u00e4udetechnik genau an der richtigen Adresse. Seit unserer Gr\u00fcndung sind wir Ihre lokalen Spezialisten f\u00fcr das Setzen von Horizontalsperren, die Kellerabdichtung und ganz grunds\u00e4tzlich f\u00fcr wirksame Methoden gegen aufsteigende Feuchtigkeit. Unsere Fachleute beurteilen die aktuelle Situation von Mauern und W\u00e4nden und zeigen Ihnen Wege auf, wie Sie die Bausubstanz Ihres Gesch\u00e4fts- oder Wohnhauses dauerhaft sch\u00fctzen k\u00f6nnen. Auf diesen Seiten haben wir erste Informationen f\u00fcr Sie zusammengestellt.<\/p>","popseo_schlusstext":"<p>Gerne informieren wir Sie n\u00e4her \u00fcber unser Themengebiet. Wir zeigen Ihnen mit Vergn\u00fcgen auch ein paar Referenzen, die Ihnen einen Einblick in unsere Firment\u00e4tigkeit geben.<br \/>\nSchenken Sie uns Ihr Vertrauen. Rufen Sie uns doch rasch einmal an oder schreiben Sie uns eine schnelle E-Mail. Wir freuen uns auf Sie.<\/p>","popseo_stadttext":"<h3>Wir arbeiten gerne f\u00fcr Kunden aus Buchholz i.d. Nordheide<\/h3>\n<p>Buchholz geh\u00f6rt zum nieders\u00e4chsischen Landkreis Harburg und liegt in der Nordheide. Um Verwechslungen mit anderen Orten zu vermeiden, tr\u00e4gt die Stadt Buchholz offiziell den Namenszusatz \"Buchholz in der Nordheide\". Durch unsere Vertriebst\u00e4tigkeit haben wir uns einen guten \u00dcberblick \u00fcber die Stadtarchitektur der Gemeinden und St\u00e4dte unseres Einzugsbereiches machen k\u00f6nnen. Selbstverst\u00e4ndlich geh\u00f6rt auch Buchholz i.d. Nordheide zu unserem unmittelbaren Wirkungskreis. Wir freuen uns darauf, mit Ihnen in Kontakt zu treten. <\/p>\n<h3>Einige Informationen zur Stadt Buchholz i.d. Nordheide<\/h3>\n<p>Buchholz ist eine g\u00fcnstig gelegene Stadt. Bis in die Metropole Hamburg sind es nicht mehr als 20 Kilometer. Entsprechend viele Pendler leben in Buchholz. Wer seinen Arbeitsplatz in Hamburg hat, dennoch eine eher l\u00e4ndliche Wohnlage pr\u00e4feriert, hat es in Buchholz hervorragend getroffen. Der h\u00fcbsche und \u00fcberschaubare Ort bietet ein absolut attraktives Lebensumfeld. In Summe wohnen rund 37.000 Menschen in Buchholz. Stadt und Einzugsgebiet strecken sich \u00fcber eine Gesamtfl\u00e4che von gut 75 Quadratkilometer. Buchholz gliedert sich in insgesamt sechs Ortsteile. Eine kleine Eigenart von Buchholz: Jeder Ortsteil hat einen eigenen B\u00fcrgermeister.<\/p>\n<h3>Buchholz hat Charme!<\/h3>\n<p>Trotz der r\u00e4umlichen N\u00e4he zur Metropole Hamburg, verf\u00fcgt Buchholz \u00fcber ein umtriebiges Wirtschaftsleben, welches sich auf insgesamt drei Gewerbegebiete verteilt. Gro\u00dfe Einzelhandelsbetriebe wie zum Beispiel M\u00f6bel Kraft oder Media Markt f\u00fchren in Buchholz Niederlassungen. Gepr\u00e4gt wird die Wirtschaft von Buchholz weitgehend von mittelst\u00e4ndischen Fimen aus den Bereichen Dienstleistung und Gro\u00dfhandel. Dar\u00fcber hinaus finden sich in Buchholz zahlreiche Autoh\u00e4ndler. \u00dcber die Autobahnabfahrt Dibbersen ist Buchholz an die Autobahn A1 angeschlossen. Das Buchholzer Dreieck stellt au\u00dferdem eine Autobahnverbindung mit der A7 her. Des Weiteren erreicht man Buchholz mit dem PKW auch einfach \u00fcber die Bundesstra\u00dfe 75. Wer mit der Bahn nach Buchholz f\u00e4hrt, nutzt die Bahnlinie Bremen-Hamburg. Der Verkehrsbetrieb Metronom f\u00e4hrt Buchholz mit der Expresslinie Bremen-Hamburg und \u00fcber eine Nahverkehrsverbindung an.  <\/p>\n<h4>Hohe Qualit\u00e4t f\u00fcr Kunden aus Buchholz i.d. Nordheide<\/h4>\n<p>Wir finden es super, dass Sie unsere Website entdeckt haben. Wir garantieren Ihnen ein sehr gutes Preis-Leistungsverh\u00e4ltnis. Sie m\u00f6chten mehr \u00fcber uns wissen? F\u00fcr R\u00fcckfragen stehen wir Ihnen jederzeit zur Verf\u00fcgung. Auf den Kontakt zu Ihnen freuen wir uns.<\/p>","popseo_zusatztext":"<h3>Hohe Kosten bei der Bauwerksabdichtung m\u00fcssen nicht sein<\/h3>\n<p>Sie haben Interesse an Trocknungs- oder Sanierungsarbeiten und w\u00fcnschen sich ein passendes Angebot, das eine handwerklich gute Arbeit garantiert, gleichzeitig aber keine hohen Kosten verursacht. Klasse, in diesem Fall sind Sie bei uns an der richtigen Adresse. Als Fachbetrieb f\u00fcr Kellersanierung, Schimmelbeseitigung und Geb\u00e4udeabdichtung verwenden wir ausnahmslos ausgezeichnete Materialien. Nichtsdestotrotz achten wir nat\u00fcrlich auf die Kosten, die selbstverst\u00e4ndlich \u00fcberschaubar bleiben sollen. Wir m\u00f6chten Ihnen beste Qualit\u00e4t anbieten, die gleichzeitig auch die Kosten im Blick beh\u00e4lt. Bei uns stimmen Kosten und Leistung: Seit vielen Jahren schon sind wir Ihr qualifizierter Partner f\u00fcr Trocknungs- und Sanierungsarbeiten im norddeutschen Raum. Unser Gesch\u00e4ftssitz befindet sich verkehrsg\u00fcnstig in Brietlingen bei L\u00fcndeburg. Die Kosten stets vor Augen: Wir bieten Ihnen eine fachgerecht ausgef\u00fchrte Arbeit nach dem stets aktuellsten Stand der Technik.<\/p>\n<h3>Kosten vs. Leistung: Eine Sanierung rechnet sich!<\/h3>\n<p>D\u00fcrfen wir Sie beraten, wie Sie die Kosten f\u00fcr eine Sanierung senken k\u00f6nnen? Super, dann z\u00f6gern Sie bitte nicht und nehmen am besten gleich heute Kontakt mit uns auf. Ein kurzer Anruf oder auch eine kurze E-Mail gen\u00fcgen. Die gute Beratung ist ebenso wichtig wie die perfekte Ausf\u00fchrung der entprechenden Arbeiten. Unsere Beratung ist nat\u00fcrlich v\u00f6llig unverbindlich. Hochwertige Arbeit bei niedrigen Kosten: Wir empfehlen uns als spezialisiertes Unternehmen in Norddeutschland. Unsere gro\u00dfe Erfahrung spricht f\u00fcr uns.<br \/>\nMinimieren Sie die Kosten f\u00fcr Ihr Sanierungsprojekt: Setzen Sie auf die Profis der Fachfirma Keul.<\/p>","popseo_links":"<a href=\"https:\/\/bautenschutz-keul.de\/angebote\/kellersanierung-bispingen\/\">Kellersanierung Bispingen<\/a>, <a href=\"https:\/\/bautenschutz-keul.de\/angebote\/kellersanierung-bienenbuettel\/\">Kellersanierung Bienenb\u00fcttel<\/a>, <a href=\"https:\/\/bautenschutz-keul.de\/angebote\/aufsteigende-feuchtigkeit-harburg\/\">aufsteigende Feuchtigkeit Harburg<\/a>, <a href=\"https:\/\/bautenschutz-keul.de\/angebote\/feuchte-wand-bergedorf-wentorf\/\">Feuchte Wand Bergedorf Wentorf<\/a>, <a href=\"https:\/\/bautenschutz-keul.de\/angebote\/schimmelsanierung-seevetal-rosengarten\/\">Schimmelsanierung Seevetal Rosengarten<\/a>, <a href=\"https:\/\/bautenschutz-keul.de\/angebote\/horizontalsperre-bergedorf-wentorf\/\">Horizontalsperre Bergedorf Wentorf<\/a>, <a href=\"https:\/\/bautenschutz-keul.de\/angebote\/feuchter-keller-glinde-sachsenwald\/\">Feuchter Keller Glinde Sachsenwald<\/a>, <a href=\"https:\/\/bautenschutz-keul.de\/angebote\/schimmelbeseitigung-harburg\/\">Schimmelbeseitigung Harburg<\/a>, <a href=\"https:\/\/bautenschutz-keul.de\/angebote\/innenabdichtung-glinde-sachsenwald\/\">Innenabdichtung Glinde Sachsenwald<\/a>, <a href=\"https:\/\/bautenschutz-keul.de\/angebote\/feuchtigkeitsschaden-tostedt-sittensen\/\">Feuchtigkeitsschaden Tostedt Sittensen<\/a>, <a href=\"https:\/\/bautenschutz-keul.de\/angebote\/schimmel-hanstedt\/\">Schimmel Hanstedt<\/a>, <a href=\"https:\/\/bautenschutz-keul.de\/angebote\/feuchter-keller-bardowick\/\">Feuchter Keller Bardowick<\/a>, <a href=\"https:\/\/bautenschutz-keul.de\/angebote\/kellersanierung-winsen-luhe\/\">Kellersanierung Winsen Luhe<\/a>, <a href=\"https:\/\/bautenschutz-keul.de\/angebote\/rissverpressung-glinde-sachsenwald\/\">Rissverpressung Glinde Sachsenwald<\/a>, <a href=\"https:\/\/bautenschutz-keul.de\/angebote\/rissverpressung-hanstedt\/\">Rissverpressung Hanstedt<\/a>, <a href=\"https:\/\/bautenschutz-keul.de\/angebote\/feuchtigkeitsschaden-bad-bevensen\/\">Feuchtigkeitsschaden Bad Bevensen<\/a>, <a href=\"https:\/\/bautenschutz-keul.de\/angebote\/schimmelsanierung-schwarzenbek\/\">Schimmelsanierung Schwarzenbek<\/a>, <a href=\"https:\/\/bautenschutz-keul.de\/angebote\/rissverpressung-amt-neuhaus\/\">Rissverpressung Amt Neuhaus<\/a>, <a href=\"https:\/\/bautenschutz-keul.de\/angebote\/bauwerksabdichtung-bad-bevensen\/\">Bauwerksabdichtung Bad Bevensen<\/a>, <a href=\"https:\/\/bautenschutz-keul.de\/angebote\/feuchtigkeitsschaden-maschen\/\">Feuchtigkeitsschaden Maschen<\/a>, <a href=\"https:\/\/bautenschutz-keul.de\/angebote\/kellertrockenlegung-geesthacht\/\">Kellertrockenlegung Geesthacht<\/a>, <a href=\"https:\/\/bautenschutz-keul.de\/angebote\/innenabdichtung-adendorf\/\">Innenabdichtung Adendorf<\/a>, <a href=\"https:\/\/bautenschutz-keul.de\/angebote\/innenabdichtung-geesthacht\/\">Innenabdichtung Geesthacht<\/a>, <a href=\"https:\/\/bautenschutz-keul.de\/angebote\/schimmelbeseitigung-tostedt-sittensen\/\">Schimmelbeseitigung Tostedt Sittensen<\/a>, <a href=\"https:\/\/bautenschutz-keul.de\/angebote\/salpeter-im-keller-tostedt-sittensen\/\">Salpeter im Keller Tostedt Sittensen<\/a>, <a href=\"https:\/\/bautenschutz-keul.de\/angebote\/feuchte-wand-winsen-luhe\/\">Feuchte Wand Winsen Luhe<\/a>, <a href=\"https:\/\/bautenschutz-keul.de\/angebote\/feuchte-wand-bienenbuettel\/\">Feuchte Wand Bienenb\u00fcttel<\/a>, <a href=\"https:\/\/bautenschutz-keul.de\/angebote\/innenabdichtung-reinbek-aumuehle\/\">Innenabdichtung Reinbek Aum\u00fchle<\/a>"},"_links":{"self":[{"href":"https:\/\/bautenschutz-keul.de\/angebote\/wp-json\/wp\/v2\/pages\/98","targetHints":{"allow":["GET"]}}],"collection":[{"href":"https:\/\/bautenschutz-keul.de\/angebote\/wp-json\/wp\/v2\/pages"}],"about":[{"href":"https:\/\/bautenschutz-keul.de\/angebote\/wp-json\/wp\/v2\/types\/page"}],"author":[{"embeddable":true,"href":"https:\/\/bautenschutz-keul.de\/angebote\/wp-json\/wp\/v2\/users\/1"}],"replies":[{"embeddable":true,"href":"https:\/\/bautenschutz-keul.de\/angebote\/wp-json\/wp\/v2\/comments?post=98"}],"version-history":[{"count":0,"href":"https:\/\/bautenschutz-keul.de\/angebote\/wp-json\/wp\/v2\/pages\/98\/revisions"}],"wp:attachment":[{"href":"https:\/\/bautenschutz-keul.de\/angebote\/wp-json\/wp\/v2\/media?parent=98"}],"curies":[{"name":"wp","href":"https:\/\/api.w.org\/{rel}","templated":true}]}}